{"id":1404,"date":"2021-12-22T17:16:33","date_gmt":"2021-12-22T17:16:33","guid":{"rendered":"https:\/\/xperience37nature.es\/?page_id=1404"},"modified":"2025-11-12T10:39:04","modified_gmt":"2025-11-12T10:39:04","slug":"servicio-de-pegada-de-carteles-a3-en-locales-y-universidades","status":"publish","type":"page","link":"https:\/\/xperience37nature.es\/index.php\/servicio-de-pegada-de-carteles-a3-en-locales-y-universidades\/","title":{"rendered":"SERVICIO DE PEGADA DE CARTELES A3 EN LOCALES Y UNIVERSIDADES"},"content":{"rendered":"\n<div class=\"wp-block-cover alignfull\" style=\"min-height:550px;aspect-ratio:unset;\"><img loading=\"lazy\" decoding=\"async\" width=\"1000\" height=\"667\" class=\"wp-block-cover__image-background wp-image-1589\" alt=\"\" src=\"https:\/\/xperience37nature.es\/wp-content\/uploads\/2022\/03\/eduambien.jpg\" data-object-fit=\"cover\" srcset=\"https:\/\/xperience37nature.es\/wp-content\/uploads\/2022\/03\/eduambien.jpg 1000w, https:\/\/xperience37nature.es\/wp-content\/uploads\/2022\/03\/eduambien-300x200.jpg 300w, https:\/\/xperience37nature.es\/wp-content\/uploads\/2022\/03\/eduambien-768x512.jpg 768w, https:\/\/xperience37nature.es\/wp-content\/uploads\/2022\/03\/eduambien-600x400.jpg 600w\" sizes=\"auto, (max-width: 1000px) 100vw, 1000px\" \/><span aria-hidden=\"true\" class=\"wp-block-cover__background has-background-dim\" style=\"background-color:#000000\"><\/span><div class=\"wp-block-cover__inner-container is-layout-flow wp-block-cover-is-layout-flow\">\n<h1 class=\"wp-block-heading has-text-align-center has-text-color\" style=\"color:#ffffff\"><strong>SERVICIO DE PEGADA DE CARTELES A3 EN LOCALES Y UNIVERSIDADES<\/strong><\/h1>\n<\/div><\/div>\n\n\n\n<div class=\"inherit-container-width wp-block-group alignfull has-white-background-color has-background is-layout-constrained wp-block-group-is-layout-constrained\"><div class=\"wp-block-group__inner-container\"><\/div><\/div>\n\n\n\n<div class=\"inherit-container-width wp-block-group alignwide has-ast-global-color-4-background-color has-background is-layout-constrained wp-block-group-is-layout-constrained\"><div class=\"wp-block-group__inner-container\">\n<div class=\"wp-block-columns alignwide is-layout-flex wp-container-core-columns-is-layout-28f84493 wp-block-columns-is-layout-flex\">\n<div class=\"wp-block-column is-layout-flow wp-block-column-is-layout-flow\"><\/div>\n<\/div>\n<\/div><\/div>\n\n\n\n<div class=\"inherit-container-width wp-block-group alignfull has-ast-global-color-4-background-color has-background is-layout-constrained wp-block-group-is-layout-constrained\"><div class=\"wp-block-group__inner-container\">\n<div class=\"wp-block-columns alignwide is-layout-flex wp-container-core-columns-is-layout-28f84493 wp-block-columns-is-layout-flex\">\n<div class=\"wp-block-column is-layout-flow wp-block-column-is-layout-flow\">\n<p><\/p>\n<\/div>\n<\/div>\n<\/div><\/div>\n\n\n\n<p>En <strong>Xperience37<\/strong>, ofrecemos un servicio especializado en la <strong>pegada de carteles tama\u00f1o A3<\/strong> en <strong>locales comerciales<\/strong> y <strong>universidades<\/strong>, lugares clave para llegar a un p\u00fablico joven, din\u00e1mico y en constante movimiento. Este formato es perfecto para campa\u00f1as m\u00e1s espec\u00edficas, locales o eventos que buscan una comunicaci\u00f3n directa y efectiva, con la flexibilidad de instalar los carteles en lugares de alto tr\u00e1fico.<\/p>\n\n\n\n<p><strong>\u00bfQu\u00e9 Incluye Nuestro Servicio de Pegada de Carteles A3 en Locales y Universidades?<\/strong><\/p>\n\n\n\n<p><strong>1. Estrategia de Ubicaci\u00f3n en Zonas Clave<\/strong><\/p>\n\n\n\n<p>La efectividad de un cartel depende mucho de d\u00f3nde se coloque. En <strong>Xperience37<\/strong>, seleccionamos <strong>las ubicaciones m\u00e1s estrat\u00e9gicas<\/strong> dentro de <strong>locales comerciales<\/strong> y <strong>universidades<\/strong> para garantizar que tu mensaje llegue a la mayor cantidad de personas posible. Nos centramos en puntos de alta afluencia como entradas, pasillos, \u00e1reas comunes, cafeter\u00edas, zonas de espera y tablones de anuncios.<\/p>\n\n\n\n<p><strong>2. Obtenci\u00f3n de Permisos y Gesti\u00f3n Legal<\/strong><\/p>\n\n\n\n<p>Para asegurar que todo se realice de manera correcta y cumpliendo con la normativa, gestionamos la <strong>obtenci\u00f3n de permisos<\/strong> de pegada dentro de los locales y universidades. Esto incluye la autorizaci\u00f3n de los due\u00f1os de los espacios y las normativas internas de cada instituci\u00f3n, para garantizar que tu campa\u00f1a sea 100% legal y sin inconvenientes.<\/p>\n\n\n\n<p><strong>3. Dise\u00f1o e Impresi\u00f3n de Carteles A3<\/strong><\/p>\n\n\n\n<p>Contamos con un equipo de dise\u00f1adores que crear\u00e1n <strong>carteles A3 visualmente atractivos<\/strong> y adaptados a tus necesidades espec\u00edficas. Ya sea para promocionar un evento, ofrecer descuentos especiales, o transmitir un mensaje de marca, nos aseguramos de que el dise\u00f1o sea llamativo y acorde a la est\u00e9tica del entorno. Tambi\u00e9n nos encargamos de la <strong>impresi\u00f3n de los carteles<\/strong> con materiales de alta calidad, asegurando que se mantengan intactos y visibles durante toda la duraci\u00f3n de la campa\u00f1a.<\/p>\n\n\n\n<p><strong>4. Pegada Profesional en Locales y Universidades<\/strong><\/p>\n\n\n\n<p>Una vez los carteles est\u00e9n listos, nuestro equipo especializado se encarga de la <strong>instalaci\u00f3n profesional<\/strong> en los lugares seleccionados. Nos aseguramos de que los carteles est\u00e9n colocados en puntos de f\u00e1cil visualizaci\u00f3n, sin da\u00f1ar las superficies ni interferir con el entorno. Ya sea en <strong>tableros de anuncios<\/strong>, <strong>puertas de entrada<\/strong>, <strong>paredes o ventanas<\/strong>, garantizamos una instalaci\u00f3n limpia, r\u00e1pida y eficiente.<\/p>\n\n\n\n<p><strong>5. Seguimiento y Mantenimiento de la Campa\u00f1a<\/strong><\/p>\n\n\n\n<p>En <strong>Xperience37<\/strong>, no solo pegamos los carteles, sino que tambi\u00e9n nos encargamos de <strong>monitorear el estado de la campa\u00f1a<\/strong>. Revisamos la colocaci\u00f3n de los carteles para asegurarnos de que se mantengan en buen estado durante toda la campa\u00f1a. Si alg\u00fan cartel se deteriora o se retira, ofrecemos servicios de <strong>reposiciones r\u00e1pidas<\/strong> para asegurar que tu mensaje siga presente y visible en todo momento.<\/p>\n\n\n\n<p><strong>6. Retiro de Carteles<\/strong><\/p>\n\n\n\n<p>Al finalizar la campa\u00f1a, gestionamos el <strong>retiro de los carteles<\/strong> de manera responsable, respetando las normativas de cada local y universidad. Nos aseguramos de que no quede ning\u00fan rastro de la campa\u00f1a y que todo se retire de forma ordenada.<\/p>\n\n\n\n<p><strong>\u00bfPor qu\u00e9 elegir el servicio de pegada de carteles A3 en locales y universidades de Xperience37?<\/strong><\/p>\n\n\n\n<ul class=\"wp-block-list\">\n<li><strong>Cobertura estrat\u00e9gica<\/strong>: Nos aseguramos de que tus carteles se ubiquen en las zonas de <strong>mayor tr\u00e1fico<\/strong> de locales comerciales y universidades, donde el p\u00fablico objetivo tiene mayor interacci\u00f3n.<\/li>\n\n\n\n<li><strong>Gesti\u00f3n legal<\/strong>: Nos encargamos de obtener todos los permisos necesarios y cumplir con las normativas internas de cada establecimiento, evitando problemas legales.<\/li>\n\n\n\n<li><strong>Calidad garantizada<\/strong>: Desde el dise\u00f1o hasta la instalaci\u00f3n, nos aseguramos de que todo el proceso cumpla con los m\u00e1s altos est\u00e1ndares de calidad, tanto en la impresi\u00f3n de los carteles como en la ejecuci\u00f3n de la campa\u00f1a.<\/li>\n\n\n\n<li><strong>Flexibilidad<\/strong>: Adaptamos nuestro servicio a tus necesidades espec\u00edficas, ofreciendo soluciones tanto para campa\u00f1as peque\u00f1as como para grandes distribuiciones dentro de locales y universidades.<\/li>\n\n\n\n<li><strong>Seguimiento constante<\/strong>: No solo pegamos los carteles, sino que tambi\u00e9n garantizamos su <strong>mantenimiento<\/strong> y la <strong>reposiciones<\/strong> si es necesario, asegurando una campa\u00f1a exitosa y prolongada.<\/li>\n<\/ul>\n\n\n\n<p>En <strong>Xperience37<\/strong>, entendemos que la <strong>pegada de carteles A3 en locales comerciales y universidades<\/strong> es una excelente manera de llegar a un p\u00fablico joven, conectado y siempre en movimiento. Nos encargamos de todo el proceso de principio a fin, asegurando que tu mensaje sea <strong>visible, eficaz y memorable<\/strong>.<\/p>\n\n\n\n<p><\/p>\n","protected":false},"excerpt":{"rendered":"<p>En Xperience37, ofrecemos un servicio especializado en la pegada de carteles tama\u00f1o A3 en locales comerciales y universidades, lugares clave para llegar a un p\u00fablico joven, din\u00e1mico y en constante movimiento. Este formato es perfecto para campa\u00f1as m\u00e1s espec\u00edficas, locales o eventos que buscan una comunicaci\u00f3n directa y efectiva, con la flexibilidad de instalar los [&hellip;]<\/p>\n","protected":false},"author":2,"featured_media":0,"parent":0,"menu_order":0,"comment_status":"closed","ping_status":"closed","template":"","meta":{"_uag_custom_page_level_css":"","site-sidebar-layout":"no-sidebar","site-content-layout":"plain-container","ast-site-content-layout":"normal-width-container","site-content-style":"unboxed","site-sidebar-style":"unboxed","ast-global-header-display":"","ast-banner-title-visibility":"","ast-main-header-display":"","ast-hfb-above-header-display":"","ast-hfb-below-header-display":"","ast-hfb-mobile-header-display":"","site-post-title":"disabled","ast-breadcrumbs-content":"","ast-featured-img":"disabled","footer-sml-layout":"","ast-disable-related-posts":"","theme-transparent-header-meta":"enabled","adv-header-id-meta":"","stick-header-meta":"","header-above-stick-meta":"","header-main-stick-meta":"","header-below-stick-meta":"","astra-migrate-meta-layouts":"set","ast-page-background-enabled":"default","ast-page-background-meta":{"desktop":{"background-color":"","background-image":"","background-repeat":"repeat","background-position":"center center","background-size":"auto","background-attachment":"scroll","background-type":"","background-media":"","overlay-type":"","overlay-color":"","overlay-gradient":""},"tablet":{"background-color":"","background-image":"","background-repeat":"repeat","background-position":"center center","background-size":"auto","background-attachment":"scroll","background-type":"","background-media":"","overlay-type":"","overlay-color":"","overlay-gradient":""},"mobile":{"background-color":"","background-image":"","background-repeat":"repeat","background-position":"center center","background-size":"auto","background-attachment":"scroll","background-type":"","background-media":"","overlay-type":"","overlay-color":"","overlay-gradient":""}},"ast-content-background-meta":{"desktop":{"background-color":"var(--ast-global-color-5)","background-image":"","background-repeat":"repeat","background-position":"center center","background-size":"auto","background-attachment":"scroll","background-type":"","background-media":"","overlay-type":"","overlay-color":"","overlay-gradient":""},"tablet":{"background-color":"var(--ast-global-color-5)","background-image":"","background-repeat":"repeat","background-position":"center center","background-size":"auto","background-attachment":"scroll","background-type":"","background-media":"","overlay-type":"","overlay-color":"","overlay-gradient":""},"mobile":{"background-color":"var(--ast-global-color-5)","background-image":"","background-repeat":"repeat","background-position":"center center","background-size":"auto","background-attachment":"scroll","background-type":"","background-media":"","overlay-type":"","overlay-color":"","overlay-gradient":""}},"footnotes":""},"class_list":["post-1404","page","type-page","status-publish","hentry"],"yoast_head":"<!-- This site is optimized with the Yoast SEO plugin v27.4 - https:\/\/yoast.com\/product\/yoast-seo-wordpress\/ -->\n<title>PEGADA DE CARTELES A3 EN LOCALES Y UNIVERSIDADES<\/title>\n<meta name=\"description\" content=\"En Xperience37 nos encargamos de todo el proceso de planificaci\u00f3n y compra de medios exteriores para eventos, asegur\u00e1ndonos de que tu campa\u00f1a publicitaria tenga el m\u00e1ximo impacto posible y llegue al p\u00fablico adecuado. Cada paso est\u00e1 cuidadosamente dise\u00f1ado para alinearse con los objetivos del evento y la identidad de la marca, logrando visibilidad y generaci\u00f3n de expectativas previas.\" \/>\n<meta name=\"robots\" content=\"index, follow, max-snippet:-1, max-image-preview:large, max-video-preview:-1\" \/>\n<link rel=\"canonical\" href=\"https:\/\/xperience37nature.es\/index.php\/servicio-de-pegada-de-carteles-a3-en-locales-y-universidades\/\" \/>\n<meta property=\"og:locale\" content=\"es_ES\" \/>\n<meta property=\"og:type\" content=\"article\" \/>\n<meta property=\"og:title\" content=\"PEGADA DE CARTELES A3 EN LOCALES Y UNIVERSIDADES\" \/>\n<meta property=\"og:description\" content=\"En Xperience37 nos encargamos de todo el proceso de planificaci\u00f3n y compra de medios exteriores para eventos, asegur\u00e1ndonos de que tu campa\u00f1a publicitaria tenga el m\u00e1ximo impacto posible y llegue al p\u00fablico adecuado. Cada paso est\u00e1 cuidadosamente dise\u00f1ado para alinearse con los objetivos del evento y la identidad de la marca, logrando visibilidad y generaci\u00f3n de expectativas previas.\" \/>\n<meta property=\"og:url\" content=\"https:\/\/xperience37nature.es\/index.php\/servicio-de-pegada-de-carteles-a3-en-locales-y-universidades\/\" \/>\n<meta property=\"og:site_name\" content=\"Xperience37 Nature\" \/>\n<meta property=\"article:modified_time\" content=\"2025-11-12T10:39:04+00:00\" \/>\n<meta property=\"og:image\" content=\"https:\/\/xperience37nature.es\/wp-content\/uploads\/2022\/03\/eduambien.jpg\" \/>\n\t<meta property=\"og:image:width\" content=\"1000\" \/>\n\t<meta property=\"og:image:height\" content=\"667\" \/>\n\t<meta property=\"og:image:type\" content=\"image\/jpeg\" \/>\n<meta name=\"twitter:card\" content=\"summary_large_image\" \/>\n<meta name=\"twitter:label1\" content=\"Tiempo de lectura\" \/>\n\t<meta name=\"twitter:data1\" content=\"4 minutos\" \/>\n<script type=\"application\/ld+json\" class=\"yoast-schema-graph\">{\"@context\":\"https:\\\/\\\/schema.org\",\"@graph\":[{\"@type\":\"WebPage\",\"@id\":\"https:\\\/\\\/xperience37nature.es\\\/index.php\\\/servicio-de-pegada-de-carteles-a3-en-locales-y-universidades\\\/\",\"url\":\"https:\\\/\\\/xperience37nature.es\\\/index.php\\\/servicio-de-pegada-de-carteles-a3-en-locales-y-universidades\\\/\",\"name\":\"PEGADA DE CARTELES A3 EN LOCALES Y UNIVERSIDADES\",\"isPartOf\":{\"@id\":\"https:\\\/\\\/xperience37nature.es\\\/#website\"},\"primaryImageOfPage\":{\"@id\":\"https:\\\/\\\/xperience37nature.es\\\/index.php\\\/servicio-de-pegada-de-carteles-a3-en-locales-y-universidades\\\/#primaryimage\"},\"image\":{\"@id\":\"https:\\\/\\\/xperience37nature.es\\\/index.php\\\/servicio-de-pegada-de-carteles-a3-en-locales-y-universidades\\\/#primaryimage\"},\"thumbnailUrl\":\"https:\\\/\\\/xperience37nature.es\\\/wp-content\\\/uploads\\\/2022\\\/03\\\/eduambien.jpg\",\"datePublished\":\"2021-12-22T17:16:33+00:00\",\"dateModified\":\"2025-11-12T10:39:04+00:00\",\"description\":\"En Xperience37 nos encargamos de todo el proceso de planificaci\u00f3n y compra de medios exteriores para eventos, asegur\u00e1ndonos de que tu campa\u00f1a publicitaria tenga el m\u00e1ximo impacto posible y llegue al p\u00fablico adecuado. Cada paso est\u00e1 cuidadosamente dise\u00f1ado para alinearse con los objetivos del evento y la identidad de la marca, logrando visibilidad y generaci\u00f3n de expectativas previas.\",\"breadcrumb\":{\"@id\":\"https:\\\/\\\/xperience37nature.es\\\/index.php\\\/servicio-de-pegada-de-carteles-a3-en-locales-y-universidades\\\/#breadcrumb\"},\"inLanguage\":\"es\",\"potentialAction\":[{\"@type\":\"ReadAction\",\"target\":[\"https:\\\/\\\/xperience37nature.es\\\/index.php\\\/servicio-de-pegada-de-carteles-a3-en-locales-y-universidades\\\/\"]}]},{\"@type\":\"ImageObject\",\"inLanguage\":\"es\",\"@id\":\"https:\\\/\\\/xperience37nature.es\\\/index.php\\\/servicio-de-pegada-de-carteles-a3-en-locales-y-universidades\\\/#primaryimage\",\"url\":\"https:\\\/\\\/xperience37nature.es\\\/wp-content\\\/uploads\\\/2022\\\/03\\\/eduambien.jpg\",\"contentUrl\":\"https:\\\/\\\/xperience37nature.es\\\/wp-content\\\/uploads\\\/2022\\\/03\\\/eduambien.jpg\",\"width\":1000,\"height\":667},{\"@type\":\"BreadcrumbList\",\"@id\":\"https:\\\/\\\/xperience37nature.es\\\/index.php\\\/servicio-de-pegada-de-carteles-a3-en-locales-y-universidades\\\/#breadcrumb\",\"itemListElement\":[{\"@type\":\"ListItem\",\"position\":1,\"name\":\"Portada\",\"item\":\"https:\\\/\\\/xperience37nature.es\\\/\"},{\"@type\":\"ListItem\",\"position\":2,\"name\":\"SERVICIO DE PEGADA DE CARTELES A3 EN LOCALES Y UNIVERSIDADES\"}]},{\"@type\":\"WebSite\",\"@id\":\"https:\\\/\\\/xperience37nature.es\\\/#website\",\"url\":\"https:\\\/\\\/xperience37nature.es\\\/\",\"name\":\"Xperience37 Nature\",\"description\":\"Actividades en la naturaleza\",\"publisher\":{\"@id\":\"https:\\\/\\\/xperience37nature.es\\\/#organization\"},\"potentialAction\":[{\"@type\":\"SearchAction\",\"target\":{\"@type\":\"EntryPoint\",\"urlTemplate\":\"https:\\\/\\\/xperience37nature.es\\\/?s={search_term_string}\"},\"query-input\":{\"@type\":\"PropertyValueSpecification\",\"valueRequired\":true,\"valueName\":\"search_term_string\"}}],\"inLanguage\":\"es\"},{\"@type\":\"Organization\",\"@id\":\"https:\\\/\\\/xperience37nature.es\\\/#organization\",\"name\":\"Xperience37 Nature\",\"url\":\"https:\\\/\\\/xperience37nature.es\\\/\",\"logo\":{\"@type\":\"ImageObject\",\"inLanguage\":\"es\",\"@id\":\"https:\\\/\\\/xperience37nature.es\\\/#\\\/schema\\\/logo\\\/image\\\/\",\"url\":\"https:\\\/\\\/xperience37nature.es\\\/wp-content\\\/uploads\\\/2021\\\/12\\\/XperienceNatureBlanco.png\",\"contentUrl\":\"https:\\\/\\\/xperience37nature.es\\\/wp-content\\\/uploads\\\/2021\\\/12\\\/XperienceNatureBlanco.png\",\"width\":200,\"height\":50,\"caption\":\"Xperience37 Nature\"},\"image\":{\"@id\":\"https:\\\/\\\/xperience37nature.es\\\/#\\\/schema\\\/logo\\\/image\\\/\"}}]}<\/script>\n<!-- \/ Yoast SEO plugin. -->","yoast_head_json":{"title":"PEGADA DE CARTELES A3 EN LOCALES Y UNIVERSIDADES","description":"En Xperience37 nos encargamos de todo el proceso de planificaci\u00f3n y compra de medios exteriores para eventos, asegur\u00e1ndonos de que tu campa\u00f1a publicitaria tenga el m\u00e1ximo impacto posible y llegue al p\u00fablico adecuado. Cada paso est\u00e1 cuidadosamente dise\u00f1ado para alinearse con los objetivos del evento y la identidad de la marca, logrando visibilidad y generaci\u00f3n de expectativas previas.","robots":{"index":"index","follow":"follow","max-snippet":"max-snippet:-1","max-image-preview":"max-image-preview:large","max-video-preview":"max-video-preview:-1"},"canonical":"https:\/\/xperience37nature.es\/index.php\/servicio-de-pegada-de-carteles-a3-en-locales-y-universidades\/","og_locale":"es_ES","og_type":"article","og_title":"PEGADA DE CARTELES A3 EN LOCALES Y UNIVERSIDADES","og_description":"En Xperience37 nos encargamos de todo el proceso de planificaci\u00f3n y compra de medios exteriores para eventos, asegur\u00e1ndonos de que tu campa\u00f1a publicitaria tenga el m\u00e1ximo impacto posible y llegue al p\u00fablico adecuado. Cada paso est\u00e1 cuidadosamente dise\u00f1ado para alinearse con los objetivos del evento y la identidad de la marca, logrando visibilidad y generaci\u00f3n de expectativas previas.","og_url":"https:\/\/xperience37nature.es\/index.php\/servicio-de-pegada-de-carteles-a3-en-locales-y-universidades\/","og_site_name":"Xperience37 Nature","article_modified_time":"2025-11-12T10:39:04+00:00","og_image":[{"width":1000,"height":667,"url":"https:\/\/xperience37nature.es\/wp-content\/uploads\/2022\/03\/eduambien.jpg","type":"image\/jpeg"}],"twitter_card":"summary_large_image","twitter_misc":{"Tiempo de lectura":"4 minutos"},"schema":{"@context":"https:\/\/schema.org","@graph":[{"@type":"WebPage","@id":"https:\/\/xperience37nature.es\/index.php\/servicio-de-pegada-de-carteles-a3-en-locales-y-universidades\/","url":"https:\/\/xperience37nature.es\/index.php\/servicio-de-pegada-de-carteles-a3-en-locales-y-universidades\/","name":"PEGADA DE CARTELES A3 EN LOCALES Y UNIVERSIDADES","isPartOf":{"@id":"https:\/\/xperience37nature.es\/#website"},"primaryImageOfPage":{"@id":"https:\/\/xperience37nature.es\/index.php\/servicio-de-pegada-de-carteles-a3-en-locales-y-universidades\/#primaryimage"},"image":{"@id":"https:\/\/xperience37nature.es\/index.php\/servicio-de-pegada-de-carteles-a3-en-locales-y-universidades\/#primaryimage"},"thumbnailUrl":"https:\/\/xperience37nature.es\/wp-content\/uploads\/2022\/03\/eduambien.jpg","datePublished":"2021-12-22T17:16:33+00:00","dateModified":"2025-11-12T10:39:04+00:00","description":"En Xperience37 nos encargamos de todo el proceso de planificaci\u00f3n y compra de medios exteriores para eventos, asegur\u00e1ndonos de que tu campa\u00f1a publicitaria tenga el m\u00e1ximo impacto posible y llegue al p\u00fablico adecuado. Cada paso est\u00e1 cuidadosamente dise\u00f1ado para alinearse con los objetivos del evento y la identidad de la marca, logrando visibilidad y generaci\u00f3n de expectativas previas.","breadcrumb":{"@id":"https:\/\/xperience37nature.es\/index.php\/servicio-de-pegada-de-carteles-a3-en-locales-y-universidades\/#breadcrumb"},"inLanguage":"es","potentialAction":[{"@type":"ReadAction","target":["https:\/\/xperience37nature.es\/index.php\/servicio-de-pegada-de-carteles-a3-en-locales-y-universidades\/"]}]},{"@type":"ImageObject","inLanguage":"es","@id":"https:\/\/xperience37nature.es\/index.php\/servicio-de-pegada-de-carteles-a3-en-locales-y-universidades\/#primaryimage","url":"https:\/\/xperience37nature.es\/wp-content\/uploads\/2022\/03\/eduambien.jpg","contentUrl":"https:\/\/xperience37nature.es\/wp-content\/uploads\/2022\/03\/eduambien.jpg","width":1000,"height":667},{"@type":"BreadcrumbList","@id":"https:\/\/xperience37nature.es\/index.php\/servicio-de-pegada-de-carteles-a3-en-locales-y-universidades\/#breadcrumb","itemListElement":[{"@type":"ListItem","position":1,"name":"Portada","item":"https:\/\/xperience37nature.es\/"},{"@type":"ListItem","position":2,"name":"SERVICIO DE PEGADA DE CARTELES A3 EN LOCALES Y UNIVERSIDADES"}]},{"@type":"WebSite","@id":"https:\/\/xperience37nature.es\/#website","url":"https:\/\/xperience37nature.es\/","name":"Xperience37 Nature","description":"Actividades en la naturaleza","publisher":{"@id":"https:\/\/xperience37nature.es\/#organization"},"potentialAction":[{"@type":"SearchAction","target":{"@type":"EntryPoint","urlTemplate":"https:\/\/xperience37nature.es\/?s={search_term_string}"},"query-input":{"@type":"PropertyValueSpecification","valueRequired":true,"valueName":"search_term_string"}}],"inLanguage":"es"},{"@type":"Organization","@id":"https:\/\/xperience37nature.es\/#organization","name":"Xperience37 Nature","url":"https:\/\/xperience37nature.es\/","logo":{"@type":"ImageObject","inLanguage":"es","@id":"https:\/\/xperience37nature.es\/#\/schema\/logo\/image\/","url":"https:\/\/xperience37nature.es\/wp-content\/uploads\/2021\/12\/XperienceNatureBlanco.png","contentUrl":"https:\/\/xperience37nature.es\/wp-content\/uploads\/2021\/12\/XperienceNatureBlanco.png","width":200,"height":50,"caption":"Xperience37 Nature"},"image":{"@id":"https:\/\/xperience37nature.es\/#\/schema\/logo\/image\/"}}]}},"uagb_featured_image_src":{"full":false,"thumbnail":false,"medium":false,"medium_large":false,"large":false,"1536x1536":false,"2048x2048":false},"uagb_author_info":{"display_name":"nature","author_link":"https:\/\/xperience37nature.es\/index.php\/author\/nature\/"},"uagb_comment_info":0,"uagb_excerpt":"En Xperience37, ofrecemos un servicio especializado en la pegada de carteles tama\u00f1o A3 en locales comerciales y universidades, lugares clave para llegar a un p\u00fablico joven, din\u00e1mico y en constante movimiento. Este formato es perfecto para campa\u00f1as m\u00e1s espec\u00edficas, locales o eventos que buscan una comunicaci\u00f3n directa y efectiva, con la flexibilidad de instalar los&hellip;","_links":{"self":[{"href":"https:\/\/xperience37nature.es\/index.php\/wp-json\/wp\/v2\/pages\/1404","targetHints":{"allow":["GET"]}}],"collection":[{"href":"https:\/\/xperience37nature.es\/index.php\/wp-json\/wp\/v2\/pages"}],"about":[{"href":"https:\/\/xperience37nature.es\/index.php\/wp-json\/wp\/v2\/types\/page"}],"author":[{"embeddable":true,"href":"https:\/\/xperience37nature.es\/index.php\/wp-json\/wp\/v2\/users\/2"}],"replies":[{"embeddable":true,"href":"https:\/\/xperience37nature.es\/index.php\/wp-json\/wp\/v2\/comments?post=1404"}],"version-history":[{"count":9,"href":"https:\/\/xperience37nature.es\/index.php\/wp-json\/wp\/v2\/pages\/1404\/revisions"}],"predecessor-version":[{"id":1675,"href":"https:\/\/xperience37nature.es\/index.php\/wp-json\/wp\/v2\/pages\/1404\/revisions\/1675"}],"wp:attachment":[{"href":"https:\/\/xperience37nature.es\/index.php\/wp-json\/wp\/v2\/media?parent=1404"}],"curies":[{"name":"wp","href":"https:\/\/api.w.org\/{rel}","templated":true}]}}