{"id":1689,"date":"2025-11-12T11:06:31","date_gmt":"2025-11-12T11:06:31","guid":{"rendered":"https:\/\/xperience37nature.es\/?page_id=1689"},"modified":"2025-11-12T11:10:29","modified_gmt":"2025-11-12T11:10:29","slug":"planificacion-y-compra-de-medios-exteriores","status":"publish","type":"page","link":"https:\/\/xperience37nature.es\/index.php\/planificacion-y-compra-de-medios-exteriores\/","title":{"rendered":"PLANIFICACION Y COMPRA DE MEDIOS EXTERIORES"},"content":{"rendered":"\n<div class=\"wp-block-cover alignfull\" style=\"min-height:550px;aspect-ratio:unset;\"><img loading=\"lazy\" decoding=\"async\" width=\"1024\" height=\"682\" class=\"wp-block-cover__image-background wp-image-1666 size-large\" alt=\"\" src=\"https:\/\/xperience37nature.es\/wp-content\/uploads\/2025\/11\/1702991808694-1024x682.jpg\" data-object-fit=\"cover\" srcset=\"https:\/\/xperience37nature.es\/wp-content\/uploads\/2025\/11\/1702991808694-1024x682.jpg 1024w, https:\/\/xperience37nature.es\/wp-content\/uploads\/2025\/11\/1702991808694-300x200.jpg 300w, https:\/\/xperience37nature.es\/wp-content\/uploads\/2025\/11\/1702991808694-768x512.jpg 768w, https:\/\/xperience37nature.es\/wp-content\/uploads\/2025\/11\/1702991808694.jpg 1280w\" sizes=\"auto, (max-width: 1024px) 100vw, 1024px\" \/><span aria-hidden=\"true\" class=\"wp-block-cover__background has-background-dim-20 has-background-dim\" style=\"background-color:#847888\"><\/span><div class=\"wp-block-cover__inner-container is-layout-flow wp-block-cover-is-layout-flow\">\n<h1 class=\"wp-block-heading has-text-align-right has-text-color\" style=\"color:#ffffff\"><strong><strong><strong>Planificaci\u00f3n y Compra de Medios Exteriores<\/strong><\/strong><\/strong><\/h1>\n<\/div><\/div>\n\n\n\n<div class=\"inherit-container-width wp-block-group alignfull has-white-background-color has-background is-layout-constrained wp-block-group-is-layout-constrained\"><div class=\"wp-block-group__inner-container\">\n<p>En <strong>Xperience37<\/strong> nos encargamos de todo el proceso de planificaci\u00f3n y compra de medios exteriores para eventos, asegur\u00e1ndonos de que tu campa\u00f1a publicitaria tenga el m\u00e1ximo impacto posible y llegue al p\u00fablico adecuado. Cada paso est\u00e1 cuidadosamente dise\u00f1ado para alinearse con los objetivos del evento y la identidad de la marca, logrando visibilidad y generaci\u00f3n de expectativas previas.<\/p>\n\n\n\n<p><strong>1. An\u00e1lisis de Objetivos y Audiencia<\/strong><\/p>\n\n\n\n<p>Primero, trabajamos contigo para entender a fondo los <strong>objetivos de la campa\u00f1a<\/strong> y el <strong>p\u00fablico objetivo<\/strong>. Ya sea que busquemos aumentar la visibilidad, generar expectativas o atraer a un p\u00fablico espec\u00edfico, cada decisi\u00f3n de ubicaci\u00f3n y formato de publicidad est\u00e1 orientada a cumplir con estos objetivos.<\/p>\n\n\n\n<p><strong>2. Selecci\u00f3n de Ubicaciones y Formatos<\/strong><\/p>\n\n\n\n<p>Con un enfoque estrat\u00e9gico, seleccionamos los <strong>medios exteriores<\/strong> que mejor se adaptan al perfil de tu audiencia:<\/p>\n\n\n\n<ul class=\"wp-block-list\">\n<li><strong>Vallas publicitarias<\/strong> en puntos estrat\u00e9gicos de alto tr\u00e1fico.<\/li>\n\n\n\n<li><strong>Mupis<\/strong> (mobiliario urbano), perfectos para ubicaciones m\u00e1s urbanas y accesibles.<\/li>\n\n\n\n<li><strong>Pantallas digitales<\/strong> para mensajes impactantes que pueden cambiar de forma din\u00e1mica.<\/li>\n\n\n\n<li><strong>Publicidad en transporte p\u00fablico<\/strong> (autobuses, estaciones de metro, etc.), garantizando una gran visibilidad para las audiencias en movimiento.<\/li>\n<\/ul>\n\n\n\n<p><strong>3. Compra de Espacios Publicitarios<\/strong><\/p>\n\n\n\n<p>Nos encargamos de la <strong>compra directa de espacios publicitarios<\/strong> en los mejores operadores de medios exteriores. Negociamos con proveedores como <strong>JCDecaux<\/strong>, <strong>Clear Channel<\/strong>, y otros l\u00edderes del sector, para asegurarnos de que consigas las mejores tarifas y los mejores lugares. Todo con total transparencia, para que sientas que tu presupuesto est\u00e1 bien invertido.<\/p>\n\n\n\n<p><strong>4. Dise\u00f1o de Creatividad Publicitaria<\/strong><\/p>\n\n\n\n<p>En paralelo, trabajamos con nuestros dise\u00f1adores para crear <strong>mensajes visuales<\/strong> claros, impactantes y que se adapten a cada tipo de medio exterior. Nuestros dise\u00f1os no solo captan la atenci\u00f3n, sino que tambi\u00e9n transmiten tu mensaje de manera efectiva, con un llamado a la acci\u00f3n claro para captar la atenci\u00f3n del p\u00fablico.<\/p>\n\n\n\n<p><strong>5. Implementaci\u00f3n y Seguimiento<\/strong><\/p>\n\n\n\n<p>Una vez que las ubicaciones y dise\u00f1os est\u00e1n listos, nos encargamos de <strong>supervisar el despliegue<\/strong> de la campa\u00f1a. Nos aseguramos de que todo est\u00e9 seg\u00fan lo planeado, garantizando que los anuncios se instalen en las ubicaciones correctas y en el tiempo estipulado. Adem\u00e1s, monitorizamos el rendimiento de la campa\u00f1a para ajustar cualquier detalle en tiempo real si es necesario.<\/p>\n\n\n\n<p><strong>6. Medici\u00f3n de Resultados<\/strong><\/p>\n\n\n\n<p>Al final de la campa\u00f1a, realizamos un an\u00e1lisis completo de los <strong>resultados<\/strong> para evaluar el impacto de la publicidad exterior. Utilizamos herramientas de medici\u00f3n y m\u00e9tricas clave para ver la efectividad de la campa\u00f1a, como el tr\u00e1fico web generado, interacciones en redes sociales o incluso encuestas directas en el evento.<\/p>\n<\/div><\/div>\n\n\n\n<div class=\"inherit-container-width wp-block-group alignfull has-ast-global-color-4-background-color has-background is-layout-constrained wp-block-group-is-layout-constrained\"><div class=\"wp-block-group__inner-container\">\n<div class=\"wp-block-uagb-icon-list uagb-block-a67d570d uagb-icon-list__outer-wrap uagb-icon-list__layout-vertical\"><div class=\"uagb-icon-list__wrap\">\n<div class=\"wp-block-uagb-icon-list-child uagb-block-e317d426 uagb-icon-list-repeater uagb-icon-list__wrapper\"><span class=\"uagb-icon-list__source-wrap\"><svg xmlns=\"https:\/\/www.w3.org\/2000\/svg\" viewBox=\"0 0 512 512\"><path d=\"M256 0C114.6 0 0 114.6 0 256c0 141.4 114.6 256 256 256s256-114.6 256-256C512 114.6 397.4 0 256 0zM406.6 278.6l-103.1 103.1c-12.5 12.5-32.75 12.5-45.25 0s-12.5-32.75 0-45.25L306.8 288H128C110.3 288 96 273.7 96 256s14.31-32 32-32h178.8l-49.38-49.38c-12.5-12.5-12.5-32.75 0-45.25s32.75-12.5 45.25 0l103.1 103.1C414.6 241.3 416 251.1 416 256C416 260.9 414.6 270.7 406.6 278.6z\"><\/path><\/svg><\/span><span class=\"uagb-icon-list__label\">List item<\/span><\/div>\n<\/div><\/div>\n<\/div><\/div>\n\n\n\n<div style=\"height:32px\" aria-hidden=\"true\" class=\"wp-block-spacer\"><\/div>\n\n\n\n<p><\/p>\n","protected":false},"excerpt":{"rendered":"<p>En Xperience37 nos encargamos de todo el proceso de planificaci\u00f3n y compra de medios exteriores para eventos, asegur\u00e1ndonos de que tu campa\u00f1a publicitaria tenga el m\u00e1ximo impacto posible y llegue al p\u00fablico adecuado. Cada paso est\u00e1 cuidadosamente dise\u00f1ado para alinearse con los objetivos del evento y la identidad de la marca, logrando visibilidad y generaci\u00f3n [&hellip;]<\/p>\n","protected":false},"author":2,"featured_media":1666,"parent":0,"menu_order":0,"comment_status":"closed","ping_status":"closed","template":"","meta":{"_uag_custom_page_level_css":"","site-sidebar-layout":"no-sidebar","site-content-layout":"plain-container","ast-site-content-layout":"normal-width-container","site-content-style":"unboxed","site-sidebar-style":"unboxed","ast-global-header-display":"","ast-banner-title-visibility":"","ast-main-header-display":"","ast-hfb-above-header-display":"","ast-hfb-below-header-display":"","ast-hfb-mobile-header-display":"","site-post-title":"disabled","ast-breadcrumbs-content":"","ast-featured-img":"disabled","footer-sml-layout":"","ast-disable-related-posts":"","theme-transparent-header-meta":"enabled","adv-header-id-meta":"","stick-header-meta":"","header-above-stick-meta":"","header-main-stick-meta":"","header-below-stick-meta":"","astra-migrate-meta-layouts":"set","ast-page-background-enabled":"default","ast-page-background-meta":{"desktop":{"background-color":"","background-image":"","background-repeat":"repeat","background-position":"center center","background-size":"auto","background-attachment":"scroll","background-type":"","background-media":"","overlay-type":"","overlay-color":"","overlay-gradient":""},"tablet":{"background-color":"","background-image":"","background-repeat":"repeat","background-position":"center center","background-size":"auto","background-attachment":"scroll","background-type":"","background-media":"","overlay-type":"","overlay-color":"","overlay-gradient":""},"mobile":{"background-color":"","background-image":"","background-repeat":"repeat","background-position":"center center","background-size":"auto","background-attachment":"scroll","background-type":"","background-media":"","overlay-type":"","overlay-color":"","overlay-gradient":""}},"ast-content-background-meta":{"desktop":{"background-color":"var(--ast-global-color-5)","background-image":"","background-repeat":"repeat","background-position":"center center","background-size":"auto","background-attachment":"scroll","background-type":"","background-media":"","overlay-type":"","overlay-color":"","overlay-gradient":""},"tablet":{"background-color":"var(--ast-global-color-5)","background-image":"","background-repeat":"repeat","background-position":"center center","background-size":"auto","background-attachment":"scroll","background-type":"","background-media":"","overlay-type":"","overlay-color":"","overlay-gradient":""},"mobile":{"background-color":"var(--ast-global-color-5)","background-image":"","background-repeat":"repeat","background-position":"center center","background-size":"auto","background-attachment":"scroll","background-type":"","background-media":"","overlay-type":"","overlay-color":"","overlay-gradient":""}},"footnotes":""},"class_list":["post-1689","page","type-page","status-publish","has-post-thumbnail","hentry"],"yoast_head":"<!-- This site is optimized with the Yoast SEO plugin v27.4 - https:\/\/yoast.com\/product\/yoast-seo-wordpress\/ -->\n<title>Planificaci\u00f3n y Compra de Medios Exteriores<\/title>\n<meta name=\"description\" content=\"En Xperience37 nos encargamos de todo el proceso de planificaci\u00f3n y compra de medios exteriores para eventos, asegur\u00e1ndonos de que tu campa\u00f1a publicitaria tenga el m\u00e1ximo impacto posible y llegue al p\u00fablico adecuado. Cada paso est\u00e1 cuidadosamente dise\u00f1ado para alinearse con los objetivos del evento y la identidad de la marca, logrando visibilidad y generaci\u00f3n de expectativas previas.\" \/>\n<meta name=\"robots\" content=\"index, follow, max-snippet:-1, max-image-preview:large, max-video-preview:-1\" \/>\n<link rel=\"canonical\" href=\"https:\/\/xperience37nature.es\/index.php\/planificacion-y-compra-de-medios-exteriores\/\" \/>\n<meta property=\"og:locale\" content=\"es_ES\" \/>\n<meta property=\"og:type\" content=\"article\" \/>\n<meta property=\"og:title\" content=\"Planificaci\u00f3n y Compra de Medios Exteriores\" \/>\n<meta property=\"og:description\" content=\"En Xperience37 nos encargamos de todo el proceso de planificaci\u00f3n y compra de medios exteriores para eventos, asegur\u00e1ndonos de que tu campa\u00f1a publicitaria tenga el m\u00e1ximo impacto posible y llegue al p\u00fablico adecuado. Cada paso est\u00e1 cuidadosamente dise\u00f1ado para alinearse con los objetivos del evento y la identidad de la marca, logrando visibilidad y generaci\u00f3n de expectativas previas.\" \/>\n<meta property=\"og:url\" content=\"https:\/\/xperience37nature.es\/index.php\/planificacion-y-compra-de-medios-exteriores\/\" \/>\n<meta property=\"og:site_name\" content=\"Xperience37 Nature\" \/>\n<meta property=\"article:modified_time\" content=\"2025-11-12T11:10:29+00:00\" \/>\n<meta property=\"og:image\" content=\"https:\/\/xperience37nature.es\/wp-content\/uploads\/2025\/11\/1702991808694.jpg\" \/>\n\t<meta property=\"og:image:width\" content=\"1280\" \/>\n\t<meta property=\"og:image:height\" content=\"853\" \/>\n\t<meta property=\"og:image:type\" content=\"image\/jpeg\" \/>\n<meta name=\"twitter:card\" content=\"summary_large_image\" \/>\n<meta name=\"twitter:label1\" content=\"Tiempo de lectura\" \/>\n\t<meta name=\"twitter:data1\" content=\"3 minutos\" \/>\n<script type=\"application\/ld+json\" class=\"yoast-schema-graph\">{\"@context\":\"https:\\\/\\\/schema.org\",\"@graph\":[{\"@type\":\"WebPage\",\"@id\":\"https:\\\/\\\/xperience37nature.es\\\/index.php\\\/planificacion-y-compra-de-medios-exteriores\\\/\",\"url\":\"https:\\\/\\\/xperience37nature.es\\\/index.php\\\/planificacion-y-compra-de-medios-exteriores\\\/\",\"name\":\"Planificaci\u00f3n y Compra de Medios Exteriores\",\"isPartOf\":{\"@id\":\"https:\\\/\\\/xperience37nature.es\\\/#website\"},\"primaryImageOfPage\":{\"@id\":\"https:\\\/\\\/xperience37nature.es\\\/index.php\\\/planificacion-y-compra-de-medios-exteriores\\\/#primaryimage\"},\"image\":{\"@id\":\"https:\\\/\\\/xperience37nature.es\\\/index.php\\\/planificacion-y-compra-de-medios-exteriores\\\/#primaryimage\"},\"thumbnailUrl\":\"https:\\\/\\\/xperience37nature.es\\\/wp-content\\\/uploads\\\/2025\\\/11\\\/1702991808694.jpg\",\"datePublished\":\"2025-11-12T11:06:31+00:00\",\"dateModified\":\"2025-11-12T11:10:29+00:00\",\"description\":\"En Xperience37 nos encargamos de todo el proceso de planificaci\u00f3n y compra de medios exteriores para eventos, asegur\u00e1ndonos de que tu campa\u00f1a publicitaria tenga el m\u00e1ximo impacto posible y llegue al p\u00fablico adecuado. Cada paso est\u00e1 cuidadosamente dise\u00f1ado para alinearse con los objetivos del evento y la identidad de la marca, logrando visibilidad y generaci\u00f3n de expectativas previas.\",\"breadcrumb\":{\"@id\":\"https:\\\/\\\/xperience37nature.es\\\/index.php\\\/planificacion-y-compra-de-medios-exteriores\\\/#breadcrumb\"},\"inLanguage\":\"es\",\"potentialAction\":[{\"@type\":\"ReadAction\",\"target\":[\"https:\\\/\\\/xperience37nature.es\\\/index.php\\\/planificacion-y-compra-de-medios-exteriores\\\/\"]}]},{\"@type\":\"ImageObject\",\"inLanguage\":\"es\",\"@id\":\"https:\\\/\\\/xperience37nature.es\\\/index.php\\\/planificacion-y-compra-de-medios-exteriores\\\/#primaryimage\",\"url\":\"https:\\\/\\\/xperience37nature.es\\\/wp-content\\\/uploads\\\/2025\\\/11\\\/1702991808694.jpg\",\"contentUrl\":\"https:\\\/\\\/xperience37nature.es\\\/wp-content\\\/uploads\\\/2025\\\/11\\\/1702991808694.jpg\",\"width\":1280,\"height\":853},{\"@type\":\"BreadcrumbList\",\"@id\":\"https:\\\/\\\/xperience37nature.es\\\/index.php\\\/planificacion-y-compra-de-medios-exteriores\\\/#breadcrumb\",\"itemListElement\":[{\"@type\":\"ListItem\",\"position\":1,\"name\":\"Portada\",\"item\":\"https:\\\/\\\/xperience37nature.es\\\/\"},{\"@type\":\"ListItem\",\"position\":2,\"name\":\"PLANIFICACION Y COMPRA DE MEDIOS EXTERIORES\"}]},{\"@type\":\"WebSite\",\"@id\":\"https:\\\/\\\/xperience37nature.es\\\/#website\",\"url\":\"https:\\\/\\\/xperience37nature.es\\\/\",\"name\":\"Xperience37 Nature\",\"description\":\"Actividades en la naturaleza\",\"publisher\":{\"@id\":\"https:\\\/\\\/xperience37nature.es\\\/#organization\"},\"potentialAction\":[{\"@type\":\"SearchAction\",\"target\":{\"@type\":\"EntryPoint\",\"urlTemplate\":\"https:\\\/\\\/xperience37nature.es\\\/?s={search_term_string}\"},\"query-input\":{\"@type\":\"PropertyValueSpecification\",\"valueRequired\":true,\"valueName\":\"search_term_string\"}}],\"inLanguage\":\"es\"},{\"@type\":\"Organization\",\"@id\":\"https:\\\/\\\/xperience37nature.es\\\/#organization\",\"name\":\"Xperience37 Nature\",\"url\":\"https:\\\/\\\/xperience37nature.es\\\/\",\"logo\":{\"@type\":\"ImageObject\",\"inLanguage\":\"es\",\"@id\":\"https:\\\/\\\/xperience37nature.es\\\/#\\\/schema\\\/logo\\\/image\\\/\",\"url\":\"https:\\\/\\\/xperience37nature.es\\\/wp-content\\\/uploads\\\/2021\\\/12\\\/XperienceNatureBlanco.png\",\"contentUrl\":\"https:\\\/\\\/xperience37nature.es\\\/wp-content\\\/uploads\\\/2021\\\/12\\\/XperienceNatureBlanco.png\",\"width\":200,\"height\":50,\"caption\":\"Xperience37 Nature\"},\"image\":{\"@id\":\"https:\\\/\\\/xperience37nature.es\\\/#\\\/schema\\\/logo\\\/image\\\/\"}}]}<\/script>\n<!-- \/ Yoast SEO plugin. -->","yoast_head_json":{"title":"Planificaci\u00f3n y Compra de Medios Exteriores","description":"En Xperience37 nos encargamos de todo el proceso de planificaci\u00f3n y compra de medios exteriores para eventos, asegur\u00e1ndonos de que tu campa\u00f1a publicitaria tenga el m\u00e1ximo impacto posible y llegue al p\u00fablico adecuado. Cada paso est\u00e1 cuidadosamente dise\u00f1ado para alinearse con los objetivos del evento y la identidad de la marca, logrando visibilidad y generaci\u00f3n de expectativas previas.","robots":{"index":"index","follow":"follow","max-snippet":"max-snippet:-1","max-image-preview":"max-image-preview:large","max-video-preview":"max-video-preview:-1"},"canonical":"https:\/\/xperience37nature.es\/index.php\/planificacion-y-compra-de-medios-exteriores\/","og_locale":"es_ES","og_type":"article","og_title":"Planificaci\u00f3n y Compra de Medios Exteriores","og_description":"En Xperience37 nos encargamos de todo el proceso de planificaci\u00f3n y compra de medios exteriores para eventos, asegur\u00e1ndonos de que tu campa\u00f1a publicitaria tenga el m\u00e1ximo impacto posible y llegue al p\u00fablico adecuado. Cada paso est\u00e1 cuidadosamente dise\u00f1ado para alinearse con los objetivos del evento y la identidad de la marca, logrando visibilidad y generaci\u00f3n de expectativas previas.","og_url":"https:\/\/xperience37nature.es\/index.php\/planificacion-y-compra-de-medios-exteriores\/","og_site_name":"Xperience37 Nature","article_modified_time":"2025-11-12T11:10:29+00:00","og_image":[{"width":1280,"height":853,"url":"https:\/\/xperience37nature.es\/wp-content\/uploads\/2025\/11\/1702991808694.jpg","type":"image\/jpeg"}],"twitter_card":"summary_large_image","twitter_misc":{"Tiempo de lectura":"3 minutos"},"schema":{"@context":"https:\/\/schema.org","@graph":[{"@type":"WebPage","@id":"https:\/\/xperience37nature.es\/index.php\/planificacion-y-compra-de-medios-exteriores\/","url":"https:\/\/xperience37nature.es\/index.php\/planificacion-y-compra-de-medios-exteriores\/","name":"Planificaci\u00f3n y Compra de Medios Exteriores","isPartOf":{"@id":"https:\/\/xperience37nature.es\/#website"},"primaryImageOfPage":{"@id":"https:\/\/xperience37nature.es\/index.php\/planificacion-y-compra-de-medios-exteriores\/#primaryimage"},"image":{"@id":"https:\/\/xperience37nature.es\/index.php\/planificacion-y-compra-de-medios-exteriores\/#primaryimage"},"thumbnailUrl":"https:\/\/xperience37nature.es\/wp-content\/uploads\/2025\/11\/1702991808694.jpg","datePublished":"2025-11-12T11:06:31+00:00","dateModified":"2025-11-12T11:10:29+00:00","description":"En Xperience37 nos encargamos de todo el proceso de planificaci\u00f3n y compra de medios exteriores para eventos, asegur\u00e1ndonos de que tu campa\u00f1a publicitaria tenga el m\u00e1ximo impacto posible y llegue al p\u00fablico adecuado. Cada paso est\u00e1 cuidadosamente dise\u00f1ado para alinearse con los objetivos del evento y la identidad de la marca, logrando visibilidad y generaci\u00f3n de expectativas previas.","breadcrumb":{"@id":"https:\/\/xperience37nature.es\/index.php\/planificacion-y-compra-de-medios-exteriores\/#breadcrumb"},"inLanguage":"es","potentialAction":[{"@type":"ReadAction","target":["https:\/\/xperience37nature.es\/index.php\/planificacion-y-compra-de-medios-exteriores\/"]}]},{"@type":"ImageObject","inLanguage":"es","@id":"https:\/\/xperience37nature.es\/index.php\/planificacion-y-compra-de-medios-exteriores\/#primaryimage","url":"https:\/\/xperience37nature.es\/wp-content\/uploads\/2025\/11\/1702991808694.jpg","contentUrl":"https:\/\/xperience37nature.es\/wp-content\/uploads\/2025\/11\/1702991808694.jpg","width":1280,"height":853},{"@type":"BreadcrumbList","@id":"https:\/\/xperience37nature.es\/index.php\/planificacion-y-compra-de-medios-exteriores\/#breadcrumb","itemListElement":[{"@type":"ListItem","position":1,"name":"Portada","item":"https:\/\/xperience37nature.es\/"},{"@type":"ListItem","position":2,"name":"PLANIFICACION Y COMPRA DE MEDIOS EXTERIORES"}]},{"@type":"WebSite","@id":"https:\/\/xperience37nature.es\/#website","url":"https:\/\/xperience37nature.es\/","name":"Xperience37 Nature","description":"Actividades en la naturaleza","publisher":{"@id":"https:\/\/xperience37nature.es\/#organization"},"potentialAction":[{"@type":"SearchAction","target":{"@type":"EntryPoint","urlTemplate":"https:\/\/xperience37nature.es\/?s={search_term_string}"},"query-input":{"@type":"PropertyValueSpecification","valueRequired":true,"valueName":"search_term_string"}}],"inLanguage":"es"},{"@type":"Organization","@id":"https:\/\/xperience37nature.es\/#organization","name":"Xperience37 Nature","url":"https:\/\/xperience37nature.es\/","logo":{"@type":"ImageObject","inLanguage":"es","@id":"https:\/\/xperience37nature.es\/#\/schema\/logo\/image\/","url":"https:\/\/xperience37nature.es\/wp-content\/uploads\/2021\/12\/XperienceNatureBlanco.png","contentUrl":"https:\/\/xperience37nature.es\/wp-content\/uploads\/2021\/12\/XperienceNatureBlanco.png","width":200,"height":50,"caption":"Xperience37 Nature"},"image":{"@id":"https:\/\/xperience37nature.es\/#\/schema\/logo\/image\/"}}]}},"uagb_featured_image_src":{"full":["https:\/\/xperience37nature.es\/wp-content\/uploads\/2025\/11\/1702991808694.jpg",1280,853,false],"thumbnail":["https:\/\/xperience37nature.es\/wp-content\/uploads\/2025\/11\/1702991808694-150x150.jpg",150,150,true],"medium":["https:\/\/xperience37nature.es\/wp-content\/uploads\/2025\/11\/1702991808694-300x200.jpg",300,200,true],"medium_large":["https:\/\/xperience37nature.es\/wp-content\/uploads\/2025\/11\/1702991808694-768x512.jpg",768,512,true],"large":["https:\/\/xperience37nature.es\/wp-content\/uploads\/2025\/11\/1702991808694-1024x682.jpg",1024,682,true],"1536x1536":["https:\/\/xperience37nature.es\/wp-content\/uploads\/2025\/11\/1702991808694.jpg",1280,853,false],"2048x2048":["https:\/\/xperience37nature.es\/wp-content\/uploads\/2025\/11\/1702991808694.jpg",1280,853,false]},"uagb_author_info":{"display_name":"nature","author_link":"https:\/\/xperience37nature.es\/index.php\/author\/nature\/"},"uagb_comment_info":0,"uagb_excerpt":"En Xperience37 nos encargamos de todo el proceso de planificaci\u00f3n y compra de medios exteriores para eventos, asegur\u00e1ndonos de que tu campa\u00f1a publicitaria tenga el m\u00e1ximo impacto posible y llegue al p\u00fablico adecuado. Cada paso est\u00e1 cuidadosamente dise\u00f1ado para alinearse con los objetivos del evento y la identidad de la marca, logrando visibilidad y generaci\u00f3n&hellip;","_links":{"self":[{"href":"https:\/\/xperience37nature.es\/index.php\/wp-json\/wp\/v2\/pages\/1689","targetHints":{"allow":["GET"]}}],"collection":[{"href":"https:\/\/xperience37nature.es\/index.php\/wp-json\/wp\/v2\/pages"}],"about":[{"href":"https:\/\/xperience37nature.es\/index.php\/wp-json\/wp\/v2\/types\/page"}],"author":[{"embeddable":true,"href":"https:\/\/xperience37nature.es\/index.php\/wp-json\/wp\/v2\/users\/2"}],"replies":[{"embeddable":true,"href":"https:\/\/xperience37nature.es\/index.php\/wp-json\/wp\/v2\/comments?post=1689"}],"version-history":[{"count":2,"href":"https:\/\/xperience37nature.es\/index.php\/wp-json\/wp\/v2\/pages\/1689\/revisions"}],"predecessor-version":[{"id":1691,"href":"https:\/\/xperience37nature.es\/index.php\/wp-json\/wp\/v2\/pages\/1689\/revisions\/1691"}],"wp:featuredmedia":[{"embeddable":true,"href":"https:\/\/xperience37nature.es\/index.php\/wp-json\/wp\/v2\/media\/1666"}],"wp:attachment":[{"href":"https:\/\/xperience37nature.es\/index.php\/wp-json\/wp\/v2\/media?parent=1689"}],"curies":[{"name":"wp","href":"https:\/\/api.w.org\/{rel}","templated":true}]}}