{"id":1694,"date":"2025-11-12T11:20:46","date_gmt":"2025-11-12T11:20:46","guid":{"rendered":"https:\/\/xperience37nature.es\/?page_id=1694"},"modified":"2025-11-12T11:25:01","modified_gmt":"2025-11-12T11:25:01","slug":"acciones-especiales","status":"publish","type":"page","link":"https:\/\/xperience37nature.es\/index.php\/acciones-especiales\/","title":{"rendered":"ACCIONES ESPECIALES"},"content":{"rendered":"\n<div class=\"wp-block-cover alignfull is-light\" style=\"min-height:550px;aspect-ratio:unset;\"><img loading=\"lazy\" decoding=\"async\" width=\"960\" height=\"633\" class=\"wp-block-cover__image-background wp-image-1580\" alt=\"\" src=\"https:\/\/xperience37nature.es\/wp-content\/uploads\/2022\/03\/castillo.jpg\" style=\"object-position:46% 58%\" data-object-fit=\"cover\" data-object-position=\"46% 58%\" srcset=\"https:\/\/xperience37nature.es\/wp-content\/uploads\/2022\/03\/castillo.jpg 960w, https:\/\/xperience37nature.es\/wp-content\/uploads\/2022\/03\/castillo-300x198.jpg 300w, https:\/\/xperience37nature.es\/wp-content\/uploads\/2022\/03\/castillo-768x506.jpg 768w, https:\/\/xperience37nature.es\/wp-content\/uploads\/2022\/03\/castillo-600x396.jpg 600w\" sizes=\"auto, (max-width: 960px) 100vw, 960px\" \/><span aria-hidden=\"true\" class=\"wp-block-cover__background has-background-dim\" style=\"background-color:#000000\"><\/span><div class=\"wp-block-cover__inner-container is-layout-flow wp-block-cover-is-layout-flow\">\n<h1 class=\"wp-block-heading has-text-align-center has-text-color\" style=\"color:#ffffff\"><strong><strong>Acciones especiales<\/strong><\/strong><\/h1>\n<\/div><\/div>\n\n\n\n<div class=\"inherit-container-width wp-block-group alignfull has-white-background-color has-background is-layout-constrained wp-block-group-is-layout-constrained\"><div class=\"wp-block-group__inner-container\"><\/div><\/div>\n\n\n\n<div class=\"inherit-container-width wp-block-group alignfull has-ast-global-color-4-background-color has-background is-layout-constrained wp-block-group-is-layout-constrained\"><div class=\"wp-block-group__inner-container\">\n<div class=\"wp-block-uagb-icon-list uagb-block-79a671e7 uagb-icon-list__outer-wrap uagb-icon-list__layout-vertical\"><div class=\"uagb-icon-list__wrap\">\n<div class=\"wp-block-uagb-icon-list-child uagb-block-3dd52fbe uagb-icon-list-repeater uagb-icon-list__wrapper\"><span class=\"uagb-icon-list__source-wrap\"><svg xmlns=\"https:\/\/www.w3.org\/2000\/svg\" viewBox=\"0 0 512 512\"><path d=\"M256 0C114.6 0 0 114.6 0 256c0 141.4 114.6 256 256 256s256-114.6 256-256C512 114.6 397.4 0 256 0zM406.6 278.6l-103.1 103.1c-12.5 12.5-32.75 12.5-45.25 0s-12.5-32.75 0-45.25L306.8 288H128C110.3 288 96 273.7 96 256s14.31-32 32-32h178.8l-49.38-49.38c-12.5-12.5-12.5-32.75 0-45.25s32.75-12.5 45.25 0l103.1 103.1C414.6 241.3 416 251.1 416 256C416 260.9 414.6 270.7 406.6 278.6z\"><\/path><\/svg><\/span><span class=\"uagb-icon-list__label\">List item<\/span><\/div>\n<\/div><\/div>\n<\/div><\/div>\n\n\n\n<p><strong>Acciones Especiales en Publicidad Exterior<\/strong><\/p>\n\n\n\n<p>Nos especializamos en llevar a cabo <strong>acciones especiales<\/strong> de publicidad exterior en cualquier ubicaci\u00f3n de cualquier ciudad, adapt\u00e1ndonos a las necesidades de cada cliente y aprovechando al m\u00e1ximo el impacto visual. Ya sea en \u00e1reas urbanas clave, zonas de alta concentraci\u00f3n de tr\u00e1fico o en lugares estrat\u00e9gicos de dif\u00edcil acceso, tenemos la capacidad de ejecutar campa\u00f1as \u00fanicas y personalizadas.<\/p>\n\n\n\n<p><strong>Tramitaci\u00f3n y Obtenci\u00f3n de Permisos Municipales<\/strong><\/p>\n\n\n\n<p>Sabemos que la parte administrativa y regulatoria de la publicidad exterior puede ser un desaf\u00edo. Por eso, <strong>nos encargamos de toda la tramitaci\u00f3n y obtenci\u00f3n de los permisos municipales<\/strong> necesarios para la instalaci\u00f3n y uso de los soportes publicitarios. Contamos con un equipo especializado que se encarga de gestionar todos los aspectos legales y administrativos, asegurando que cada campa\u00f1a cumpla con las normativas locales y evitando retrasos o problemas que puedan surgir durante la ejecuci\u00f3n del proyecto.<\/p>\n\n\n\n<p><strong>Ideaci\u00f3n, Dise\u00f1o, Producci\u00f3n y Montaje<\/strong><\/p>\n\n\n\n<p>No solo nos encargamos de la parte administrativa, sino que tambi\u00e9n tenemos un equipo creativo y t\u00e9cnico altamente cualificado para llevar a cabo todas las fases de la acci\u00f3n especial:<\/p>\n\n\n\n<ol start=\"1\" class=\"wp-block-list\">\n<li><strong>Ideaci\u00f3n y Dise\u00f1o<\/strong>: Creamos conceptos visuales y campa\u00f1as innovadoras adaptadas a las caracter\u00edsticas del espacio y los objetivos del cliente. Pensamos en c\u00f3mo maximizar la visibilidad y el impacto, adaptando cada dise\u00f1o a las condiciones del lugar y los medios disponibles.<\/li>\n\n\n\n<li><strong>Producci\u00f3n<\/strong>: Contamos con los medios y la infraestructura necesaria para producir los soportes publicitarios, garantizando una calidad \u00f3ptima en cada fase del proceso. Ya sea mediante impresi\u00f3n de gran formato, elaboraci\u00f3n de elementos 3D o producci\u00f3n digital, aseguramos que cada pieza sea de alta calidad y cumpla con las expectativas de la campa\u00f1a.<\/li>\n\n\n\n<li><strong>Montaje y Ejecuci\u00f3n<\/strong>: Disponemos de los recursos t\u00e9cnicos y humanos para realizar el montaje de los soportes de forma eficiente, cuidando cada detalle y asegurando que todo est\u00e9 listo en el momento preciso. Ya sea en espacios complejos o de dif\u00edcil acceso, nuestro equipo de montaje tiene experiencia en todo tipo de instalaciones, desde mupis y vallas hasta instalaciones de mayor envergadura.<\/li>\n<\/ol>\n\n\n\n<p><strong>Adaptabilidad y Personalizaci\u00f3n<\/strong><\/p>\n\n\n\n<p>Lo que nos diferencia es nuestra <strong>capacidad de adaptarnos a cualquier lugar<\/strong> y la <strong>personalizaci\u00f3n<\/strong> de cada acci\u00f3n. Ya sea para una campa\u00f1a en una ciudad con regulaciones estrictas o en una ubicaci\u00f3n remota, nuestro enfoque se ajusta a las necesidades de cada cliente, creando soluciones que aprovechen al m\u00e1ximo el entorno y garanticen un impacto duradero en el p\u00fablico objetivo.<\/p>\n","protected":false},"excerpt":{"rendered":"<p>Acciones Especiales en Publicidad Exterior Nos especializamos en llevar a cabo acciones especiales de publicidad exterior en cualquier ubicaci\u00f3n de cualquier ciudad, adapt\u00e1ndonos a las necesidades de cada cliente y aprovechando al m\u00e1ximo el impacto visual. Ya sea en \u00e1reas urbanas clave, zonas de alta concentraci\u00f3n de tr\u00e1fico o en lugares estrat\u00e9gicos de dif\u00edcil acceso, [&hellip;]<\/p>\n","protected":false},"author":2,"featured_media":1407,"parent":0,"menu_order":0,"comment_status":"closed","ping_status":"closed","template":"","meta":{"_uag_custom_page_level_css":"","site-sidebar-layout":"no-sidebar","site-content-layout":"plain-container","ast-site-content-layout":"normal-width-container","site-content-style":"unboxed","site-sidebar-style":"unboxed","ast-global-header-display":"","ast-banner-title-visibility":"","ast-main-header-display":"","ast-hfb-above-header-display":"","ast-hfb-below-header-display":"","ast-hfb-mobile-header-display":"","site-post-title":"disabled","ast-breadcrumbs-content":"","ast-featured-img":"disabled","footer-sml-layout":"","theme-transparent-header-meta":"enabled","adv-header-id-meta":"","stick-header-meta":"","header-above-stick-meta":"","header-main-stick-meta":"","header-below-stick-meta":"","astra-migrate-meta-layouts":"set","ast-page-background-enabled":"default","ast-page-background-meta":{"desktop":{"background-color":"","background-image":"","background-repeat":"repeat","background-position":"center center","background-size":"auto","background-attachment":"scroll","background-type":"","background-media":"","overlay-type":"","overlay-color":"","overlay-gradient":""},"tablet":{"background-color":"","background-image":"","background-repeat":"repeat","background-position":"center center","background-size":"auto","background-attachment":"scroll","background-type":"","background-media":"","overlay-type":"","overlay-color":"","overlay-gradient":""},"mobile":{"background-color":"","background-image":"","background-repeat":"repeat","background-position":"center center","background-size":"auto","background-attachment":"scroll","background-type":"","background-media":"","overlay-type":"","overlay-color":"","overlay-gradient":""}},"ast-content-background-meta":{"desktop":{"background-color":"var(--ast-global-color-5)","background-image":"","background-repeat":"repeat","background-position":"center center","background-size":"auto","background-attachment":"scroll","background-type":"","background-media":"","overlay-type":"","overlay-color":"","overlay-gradient":""},"tablet":{"background-color":"var(--ast-global-color-5)","background-image":"","background-repeat":"repeat","background-position":"center center","background-size":"auto","background-attachment":"scroll","background-type":"","background-media":"","overlay-type":"","overlay-color":"","overlay-gradient":""},"mobile":{"background-color":"var(--ast-global-color-5)","background-image":"","background-repeat":"repeat","background-position":"center center","background-size":"auto","background-attachment":"scroll","background-type":"","background-media":"","overlay-type":"","overlay-color":"","overlay-gradient":""}},"footnotes":""},"class_list":["post-1694","page","type-page","status-publish","has-post-thumbnail","hentry"],"yoast_head":"<!-- This site is optimized with the Yoast SEO plugin v26.3 - https:\/\/yoast.com\/wordpress\/plugins\/seo\/ -->\n<title>Acciones especiales<\/title>\n<meta name=\"description\" content=\"Acciones Especiales en Publicidad Exterior Nos especializamos en llevar a cabo acciones especiales de publicidad exterior en cualquier ubicaci\u00f3n de cualquier ciudad, adapt\u00e1ndonos a las necesidades de cada cliente y aprovechando al m\u00e1ximo el impacto visual. Ya sea en \u00e1reas urbanas clave, zonas de alta concentraci\u00f3n de tr\u00e1fico o en lugares estrat\u00e9gicos de dif\u00edcil acceso, tenemos la capacidad de ejecutar campa\u00f1as \u00fanicas y personalizadas.\" \/>\n<meta name=\"robots\" content=\"index, follow, max-snippet:-1, max-image-preview:large, max-video-preview:-1\" \/>\n<link rel=\"canonical\" href=\"https:\/\/xperience37nature.es\/index.php\/acciones-especiales\/\" \/>\n<meta property=\"og:locale\" content=\"es_ES\" \/>\n<meta property=\"og:type\" content=\"article\" \/>\n<meta property=\"og:title\" content=\"Acciones especiales\" \/>\n<meta property=\"og:description\" content=\"Acciones Especiales en Publicidad Exterior Nos especializamos en llevar a cabo acciones especiales de publicidad exterior en cualquier ubicaci\u00f3n de cualquier ciudad, adapt\u00e1ndonos a las necesidades de cada cliente y aprovechando al m\u00e1ximo el impacto visual. Ya sea en \u00e1reas urbanas clave, zonas de alta concentraci\u00f3n de tr\u00e1fico o en lugares estrat\u00e9gicos de dif\u00edcil acceso, tenemos la capacidad de ejecutar campa\u00f1as \u00fanicas y personalizadas.\" \/>\n<meta property=\"og:url\" content=\"https:\/\/xperience37nature.es\/index.php\/acciones-especiales\/\" \/>\n<meta property=\"og:site_name\" content=\"Xperience37 Nature\" \/>\n<meta property=\"article:modified_time\" content=\"2025-11-12T11:25:01+00:00\" \/>\n<meta property=\"og:image\" content=\"https:\/\/xperience37nature.es\/wp-content\/uploads\/2021\/12\/centrointerpretacion.webp\" \/>\n\t<meta property=\"og:image:width\" content=\"1080\" \/>\n\t<meta property=\"og:image:height\" content=\"761\" \/>\n\t<meta property=\"og:image:type\" content=\"image\/webp\" \/>\n<meta name=\"twitter:card\" content=\"summary_large_image\" \/>\n<meta name=\"twitter:label1\" content=\"Tiempo de lectura\" \/>\n\t<meta name=\"twitter:data1\" content=\"3 minutos\" \/>\n<script type=\"application\/ld+json\" class=\"yoast-schema-graph\">{\"@context\":\"https:\/\/schema.org\",\"@graph\":[{\"@type\":\"WebPage\",\"@id\":\"https:\/\/xperience37nature.es\/index.php\/acciones-especiales\/\",\"url\":\"https:\/\/xperience37nature.es\/index.php\/acciones-especiales\/\",\"name\":\"Acciones especiales\",\"isPartOf\":{\"@id\":\"https:\/\/xperience37nature.es\/#website\"},\"primaryImageOfPage\":{\"@id\":\"https:\/\/xperience37nature.es\/index.php\/acciones-especiales\/#primaryimage\"},\"image\":{\"@id\":\"https:\/\/xperience37nature.es\/index.php\/acciones-especiales\/#primaryimage\"},\"thumbnailUrl\":\"https:\/\/xperience37nature.es\/wp-content\/uploads\/2021\/12\/centrointerpretacion.webp\",\"datePublished\":\"2025-11-12T11:20:46+00:00\",\"dateModified\":\"2025-11-12T11:25:01+00:00\",\"description\":\"Acciones Especiales en Publicidad Exterior Nos especializamos en llevar a cabo acciones especiales de publicidad exterior en cualquier ubicaci\u00f3n de cualquier ciudad, adapt\u00e1ndonos a las necesidades de cada cliente y aprovechando al m\u00e1ximo el impacto visual. Ya sea en \u00e1reas urbanas clave, zonas de alta concentraci\u00f3n de tr\u00e1fico o en lugares estrat\u00e9gicos de dif\u00edcil acceso, tenemos la capacidad de ejecutar campa\u00f1as \u00fanicas y personalizadas.\",\"breadcrumb\":{\"@id\":\"https:\/\/xperience37nature.es\/index.php\/acciones-especiales\/#breadcrumb\"},\"inLanguage\":\"es\",\"potentialAction\":[{\"@type\":\"ReadAction\",\"target\":[\"https:\/\/xperience37nature.es\/index.php\/acciones-especiales\/\"]}]},{\"@type\":\"ImageObject\",\"inLanguage\":\"es\",\"@id\":\"https:\/\/xperience37nature.es\/index.php\/acciones-especiales\/#primaryimage\",\"url\":\"https:\/\/xperience37nature.es\/wp-content\/uploads\/2021\/12\/centrointerpretacion.webp\",\"contentUrl\":\"https:\/\/xperience37nature.es\/wp-content\/uploads\/2021\/12\/centrointerpretacion.webp\",\"width\":1080,\"height\":761},{\"@type\":\"BreadcrumbList\",\"@id\":\"https:\/\/xperience37nature.es\/index.php\/acciones-especiales\/#breadcrumb\",\"itemListElement\":[{\"@type\":\"ListItem\",\"position\":1,\"name\":\"Portada\",\"item\":\"https:\/\/xperience37nature.es\/\"},{\"@type\":\"ListItem\",\"position\":2,\"name\":\"ACCIONES ESPECIALES\"}]},{\"@type\":\"WebSite\",\"@id\":\"https:\/\/xperience37nature.es\/#website\",\"url\":\"https:\/\/xperience37nature.es\/\",\"name\":\"Xperience37 Nature\",\"description\":\"Actividades en la naturaleza\",\"publisher\":{\"@id\":\"https:\/\/xperience37nature.es\/#organization\"},\"potentialAction\":[{\"@type\":\"SearchAction\",\"target\":{\"@type\":\"EntryPoint\",\"urlTemplate\":\"https:\/\/xperience37nature.es\/?s={search_term_string}\"},\"query-input\":{\"@type\":\"PropertyValueSpecification\",\"valueRequired\":true,\"valueName\":\"search_term_string\"}}],\"inLanguage\":\"es\"},{\"@type\":\"Organization\",\"@id\":\"https:\/\/xperience37nature.es\/#organization\",\"name\":\"Xperience37 Nature\",\"url\":\"https:\/\/xperience37nature.es\/\",\"logo\":{\"@type\":\"ImageObject\",\"inLanguage\":\"es\",\"@id\":\"https:\/\/xperience37nature.es\/#\/schema\/logo\/image\/\",\"url\":\"https:\/\/xperience37nature.es\/wp-content\/uploads\/2021\/12\/XperienceNatureBlanco.png\",\"contentUrl\":\"https:\/\/xperience37nature.es\/wp-content\/uploads\/2021\/12\/XperienceNatureBlanco.png\",\"width\":200,\"height\":50,\"caption\":\"Xperience37 Nature\"},\"image\":{\"@id\":\"https:\/\/xperience37nature.es\/#\/schema\/logo\/image\/\"}}]}<\/script>\n<!-- \/ Yoast SEO plugin. -->","yoast_head_json":{"title":"Acciones especiales","description":"Acciones Especiales en Publicidad Exterior Nos especializamos en llevar a cabo acciones especiales de publicidad exterior en cualquier ubicaci\u00f3n de cualquier ciudad, adapt\u00e1ndonos a las necesidades de cada cliente y aprovechando al m\u00e1ximo el impacto visual. Ya sea en \u00e1reas urbanas clave, zonas de alta concentraci\u00f3n de tr\u00e1fico o en lugares estrat\u00e9gicos de dif\u00edcil acceso, tenemos la capacidad de ejecutar campa\u00f1as \u00fanicas y personalizadas.","robots":{"index":"index","follow":"follow","max-snippet":"max-snippet:-1","max-image-preview":"max-image-preview:large","max-video-preview":"max-video-preview:-1"},"canonical":"https:\/\/xperience37nature.es\/index.php\/acciones-especiales\/","og_locale":"es_ES","og_type":"article","og_title":"Acciones especiales","og_description":"Acciones Especiales en Publicidad Exterior Nos especializamos en llevar a cabo acciones especiales de publicidad exterior en cualquier ubicaci\u00f3n de cualquier ciudad, adapt\u00e1ndonos a las necesidades de cada cliente y aprovechando al m\u00e1ximo el impacto visual. Ya sea en \u00e1reas urbanas clave, zonas de alta concentraci\u00f3n de tr\u00e1fico o en lugares estrat\u00e9gicos de dif\u00edcil acceso, tenemos la capacidad de ejecutar campa\u00f1as \u00fanicas y personalizadas.","og_url":"https:\/\/xperience37nature.es\/index.php\/acciones-especiales\/","og_site_name":"Xperience37 Nature","article_modified_time":"2025-11-12T11:25:01+00:00","og_image":[{"width":1080,"height":761,"url":"https:\/\/xperience37nature.es\/wp-content\/uploads\/2021\/12\/centrointerpretacion.webp","type":"image\/webp"}],"twitter_card":"summary_large_image","twitter_misc":{"Tiempo de lectura":"3 minutos"},"schema":{"@context":"https:\/\/schema.org","@graph":[{"@type":"WebPage","@id":"https:\/\/xperience37nature.es\/index.php\/acciones-especiales\/","url":"https:\/\/xperience37nature.es\/index.php\/acciones-especiales\/","name":"Acciones especiales","isPartOf":{"@id":"https:\/\/xperience37nature.es\/#website"},"primaryImageOfPage":{"@id":"https:\/\/xperience37nature.es\/index.php\/acciones-especiales\/#primaryimage"},"image":{"@id":"https:\/\/xperience37nature.es\/index.php\/acciones-especiales\/#primaryimage"},"thumbnailUrl":"https:\/\/xperience37nature.es\/wp-content\/uploads\/2021\/12\/centrointerpretacion.webp","datePublished":"2025-11-12T11:20:46+00:00","dateModified":"2025-11-12T11:25:01+00:00","description":"Acciones Especiales en Publicidad Exterior Nos especializamos en llevar a cabo acciones especiales de publicidad exterior en cualquier ubicaci\u00f3n de cualquier ciudad, adapt\u00e1ndonos a las necesidades de cada cliente y aprovechando al m\u00e1ximo el impacto visual. Ya sea en \u00e1reas urbanas clave, zonas de alta concentraci\u00f3n de tr\u00e1fico o en lugares estrat\u00e9gicos de dif\u00edcil acceso, tenemos la capacidad de ejecutar campa\u00f1as \u00fanicas y personalizadas.","breadcrumb":{"@id":"https:\/\/xperience37nature.es\/index.php\/acciones-especiales\/#breadcrumb"},"inLanguage":"es","potentialAction":[{"@type":"ReadAction","target":["https:\/\/xperience37nature.es\/index.php\/acciones-especiales\/"]}]},{"@type":"ImageObject","inLanguage":"es","@id":"https:\/\/xperience37nature.es\/index.php\/acciones-especiales\/#primaryimage","url":"https:\/\/xperience37nature.es\/wp-content\/uploads\/2021\/12\/centrointerpretacion.webp","contentUrl":"https:\/\/xperience37nature.es\/wp-content\/uploads\/2021\/12\/centrointerpretacion.webp","width":1080,"height":761},{"@type":"BreadcrumbList","@id":"https:\/\/xperience37nature.es\/index.php\/acciones-especiales\/#breadcrumb","itemListElement":[{"@type":"ListItem","position":1,"name":"Portada","item":"https:\/\/xperience37nature.es\/"},{"@type":"ListItem","position":2,"name":"ACCIONES ESPECIALES"}]},{"@type":"WebSite","@id":"https:\/\/xperience37nature.es\/#website","url":"https:\/\/xperience37nature.es\/","name":"Xperience37 Nature","description":"Actividades en la naturaleza","publisher":{"@id":"https:\/\/xperience37nature.es\/#organization"},"potentialAction":[{"@type":"SearchAction","target":{"@type":"EntryPoint","urlTemplate":"https:\/\/xperience37nature.es\/?s={search_term_string}"},"query-input":{"@type":"PropertyValueSpecification","valueRequired":true,"valueName":"search_term_string"}}],"inLanguage":"es"},{"@type":"Organization","@id":"https:\/\/xperience37nature.es\/#organization","name":"Xperience37 Nature","url":"https:\/\/xperience37nature.es\/","logo":{"@type":"ImageObject","inLanguage":"es","@id":"https:\/\/xperience37nature.es\/#\/schema\/logo\/image\/","url":"https:\/\/xperience37nature.es\/wp-content\/uploads\/2021\/12\/XperienceNatureBlanco.png","contentUrl":"https:\/\/xperience37nature.es\/wp-content\/uploads\/2021\/12\/XperienceNatureBlanco.png","width":200,"height":50,"caption":"Xperience37 Nature"},"image":{"@id":"https:\/\/xperience37nature.es\/#\/schema\/logo\/image\/"}}]}},"uagb_featured_image_src":{"full":["https:\/\/xperience37nature.es\/wp-content\/uploads\/2021\/12\/centrointerpretacion.webp",1080,761,false],"thumbnail":["https:\/\/xperience37nature.es\/wp-content\/uploads\/2021\/12\/centrointerpretacion-150x150.webp",150,150,true],"medium":["https:\/\/xperience37nature.es\/wp-content\/uploads\/2021\/12\/centrointerpretacion-300x211.webp",300,211,true],"medium_large":["https:\/\/xperience37nature.es\/wp-content\/uploads\/2021\/12\/centrointerpretacion-768x541.webp",768,541,true],"large":["https:\/\/xperience37nature.es\/wp-content\/uploads\/2021\/12\/centrointerpretacion-1024x722.webp",1024,722,true],"1536x1536":["https:\/\/xperience37nature.es\/wp-content\/uploads\/2021\/12\/centrointerpretacion.webp",1080,761,false],"2048x2048":["https:\/\/xperience37nature.es\/wp-content\/uploads\/2021\/12\/centrointerpretacion.webp",1080,761,false]},"uagb_author_info":{"display_name":"nature","author_link":"https:\/\/xperience37nature.es\/index.php\/author\/nature\/"},"uagb_comment_info":0,"uagb_excerpt":"Acciones Especiales en Publicidad Exterior Nos especializamos en llevar a cabo acciones especiales de publicidad exterior en cualquier ubicaci\u00f3n de cualquier ciudad, adapt\u00e1ndonos a las necesidades de cada cliente y aprovechando al m\u00e1ximo el impacto visual. Ya sea en \u00e1reas urbanas clave, zonas de alta concentraci\u00f3n de tr\u00e1fico o en lugares estrat\u00e9gicos de dif\u00edcil acceso,&hellip;","_links":{"self":[{"href":"https:\/\/xperience37nature.es\/index.php\/wp-json\/wp\/v2\/pages\/1694","targetHints":{"allow":["GET"]}}],"collection":[{"href":"https:\/\/xperience37nature.es\/index.php\/wp-json\/wp\/v2\/pages"}],"about":[{"href":"https:\/\/xperience37nature.es\/index.php\/wp-json\/wp\/v2\/types\/page"}],"author":[{"embeddable":true,"href":"https:\/\/xperience37nature.es\/index.php\/wp-json\/wp\/v2\/users\/2"}],"replies":[{"embeddable":true,"href":"https:\/\/xperience37nature.es\/index.php\/wp-json\/wp\/v2\/comments?post=1694"}],"version-history":[{"count":2,"href":"https:\/\/xperience37nature.es\/index.php\/wp-json\/wp\/v2\/pages\/1694\/revisions"}],"predecessor-version":[{"id":1702,"href":"https:\/\/xperience37nature.es\/index.php\/wp-json\/wp\/v2\/pages\/1694\/revisions\/1702"}],"wp:featuredmedia":[{"embeddable":true,"href":"https:\/\/xperience37nature.es\/index.php\/wp-json\/wp\/v2\/media\/1407"}],"wp:attachment":[{"href":"https:\/\/xperience37nature.es\/index.php\/wp-json\/wp\/v2\/media?parent=1694"}],"curies":[{"name":"wp","href":"https:\/\/api.w.org\/{rel}","templated":true}]}}