{"id":1710,"date":"2025-11-12T11:40:36","date_gmt":"2025-11-12T11:40:36","guid":{"rendered":"https:\/\/xperience37nature.es\/?page_id=1710"},"modified":"2025-11-12T11:40:37","modified_gmt":"2025-11-12T11:40:37","slug":"servicio-de-muralismo-graffiti-y-exposiciones-de-arte","status":"publish","type":"page","link":"https:\/\/xperience37nature.es\/index.php\/servicio-de-muralismo-graffiti-y-exposiciones-de-arte\/","title":{"rendered":"SERVICIO DE MURALISMO, GRAFFITI Y EXPOSICIONES DE ARTE"},"content":{"rendered":"\n<div class=\"wp-block-cover alignfull is-light\" style=\"min-height:550px;aspect-ratio:unset;\"><img loading=\"lazy\" decoding=\"async\" width=\"960\" height=\"633\" class=\"wp-block-cover__image-background wp-image-1580\" alt=\"\" src=\"https:\/\/xperience37nature.es\/wp-content\/uploads\/2022\/03\/castillo.jpg\" style=\"object-position:46% 58%\" data-object-fit=\"cover\" data-object-position=\"46% 58%\" srcset=\"https:\/\/xperience37nature.es\/wp-content\/uploads\/2022\/03\/castillo.jpg 960w, https:\/\/xperience37nature.es\/wp-content\/uploads\/2022\/03\/castillo-300x198.jpg 300w, https:\/\/xperience37nature.es\/wp-content\/uploads\/2022\/03\/castillo-768x506.jpg 768w, https:\/\/xperience37nature.es\/wp-content\/uploads\/2022\/03\/castillo-600x396.jpg 600w\" sizes=\"auto, (max-width: 960px) 100vw, 960px\" \/><span aria-hidden=\"true\" class=\"wp-block-cover__background has-background-dim\" style=\"background-color:#000000\"><\/span><div class=\"wp-block-cover__inner-container is-layout-flow wp-block-cover-is-layout-flow\">\n<h1 class=\"wp-block-heading has-text-align-right has-text-color\" style=\"color:#ffffff\"><strong><strong><strong>SERVICIO DE MURALISMO, GRAFFITI Y EXPOSICIONES DE ARTE<\/strong><\/strong><\/strong><\/h1>\n<\/div><\/div>\n\n\n\n<div class=\"inherit-container-width wp-block-group alignfull has-white-background-color has-background is-layout-constrained wp-block-group-is-layout-constrained\"><div class=\"wp-block-group__inner-container\"><\/div><\/div>\n\n\n\n<p>En <strong>Xperience37<\/strong>, ofrecemos un servicio \u00fanico que combina el <strong>arte urbano<\/strong>, el <strong>muralismo<\/strong> y el <strong>graffiti<\/strong> como herramientas de comunicaci\u00f3n y promoci\u00f3n para marcas, eventos y proyectos especiales. Aprovechamos el poder visual del arte para <strong>transformar espacios p\u00fablicos<\/strong> y <strong>generar experiencias impactantes<\/strong> que no solo captan la atenci\u00f3n, sino que tambi\u00e9n <strong>conectan emocionalmente<\/strong> con el p\u00fablico. Adem\u00e1s, gestionamos <strong>exposiciones de arte<\/strong> para ofrecer a nuestros clientes una experiencia art\u00edstica completa, con un enfoque creativo y profesional.<\/p>\n\n\n\n<p><strong>\u00bfQu\u00e9 Incluye Nuestro Servicio de Muralismo, Graffiti y Exposiciones de Arte?<\/strong><\/p>\n\n\n\n<p><strong>1. Dise\u00f1o y Creaci\u00f3n de Murales Personalizados<\/strong><\/p>\n\n\n\n<p>El <strong>muralismo<\/strong> es una forma de arte que puede transformar cualquier espacio. En <strong>Xperience37<\/strong>, trabajamos con artistas urbanos y muralistas de renombre para dise\u00f1ar y crear murales <strong>\u00fanicos<\/strong> que reflejen la esencia de tu marca, evento o proyecto. Cada mural es completamente personalizado, adaptado a las caracter\u00edsticas del lugar, el mensaje que deseas transmitir y la <strong>identidad visual<\/strong> de la campa\u00f1a. Nuestros murales no solo son <strong>impactantes visualmente<\/strong>, sino que tambi\u00e9n cuentan una historia que resuena con el p\u00fablico.<\/p>\n\n\n\n<p><strong>2. Graffiti como Herramienta de Impacto Visual<\/strong><\/p>\n\n\n\n<p>El <strong>graffiti<\/strong> es una de las formas m\u00e1s audaces de arte urbano, y en <strong>Xperience37<\/strong> lo utilizamos para crear <strong>piezas de alto impacto<\/strong> que llaman la atenci\u00f3n y generan conversaci\u00f3n. El graffiti puede ser ideal para campa\u00f1as de <strong>marketing de guerrilla<\/strong>, lanzamientos de productos, festivales, y eventos que buscan algo diferente. Desde <strong>tags<\/strong> y <strong>bombing<\/strong> hasta <strong>murales art\u00edsticos<\/strong> en gran escala, trabajamos con artistas experimentados que garantizan que cada pieza sea visualmente impresionante y coherente con los valores y la identidad de tu marca.<\/p>\n\n\n\n<p><strong>3. Transformaci\u00f3n de Espacios P\u00fablicos<\/strong><\/p>\n\n\n\n<p>El muralismo y el graffiti son herramientas perfectas para <strong>transformar espacios p\u00fablicos<\/strong> en <strong>galer\u00edas de arte al aire libre<\/strong>. Ya sea un muro en una zona comercial, una pared en una calle concurrida o una pared de un centro cultural, estos murales pueden atraer a miles de personas. Nuestro equipo se encarga de toda la parte log\u00edstica, desde la <strong>autorizaci\u00f3n de permisos<\/strong> hasta la <strong>ejecuci\u00f3n del proyecto<\/strong>, garantizando que cada mural se integre perfectamente en el entorno y tenga el mayor impacto posible.<\/p>\n\n\n\n<p><strong>4. Exposiciones de Arte<\/strong><\/p>\n\n\n\n<p>Adem\u00e1s de murales y graffiti, ofrecemos la organizaci\u00f3n y curadur\u00eda de <strong>exposiciones de arte<\/strong> que destacan el trabajo de artistas urbanos y contempor\u00e1neos. Las exposiciones pueden realizarse en <strong>espacios p\u00fablicos<\/strong>, <strong>galer\u00edas<\/strong> o <strong>espacios de marca<\/strong>, y son una excelente manera de <strong>atraer p\u00fablico<\/strong> y <strong>crear experiencias inolvidables<\/strong>. Nos encargamos de todo el proceso, desde la selecci\u00f3n de los artistas hasta la organizaci\u00f3n del evento, la promoci\u00f3n y la log\u00edstica, asegurando que la exposici\u00f3n sea un \u00e9xito.<\/p>\n\n\n\n<p><strong>5. Instalaci\u00f3n de Murales y Graffiti<\/strong><\/p>\n\n\n\n<p>La <strong>instalaci\u00f3n de murales<\/strong> y <strong>piezas de graffiti<\/strong> se realiza de forma profesional y eficiente, garantizando que el resultado final sea espectacular y se mantenga en el tiempo. Utilizamos materiales de alta calidad y t\u00e9cnicas adecuadas para que los murales sean <strong>resistentes<\/strong> y <strong>duraderos<\/strong>, incluso en espacios exteriores expuestos a condiciones clim\u00e1ticas adversas. Nos aseguramos de que cada instalaci\u00f3n se realice de acuerdo con las normativas locales, respetando las leyes de propiedad y permisos de uso del espacio.<\/p>\n\n\n\n<p><strong>6. Mantenimiento y Restauraci\u00f3n<\/strong><\/p>\n\n\n\n<p>En <strong>Xperience37<\/strong>, ofrecemos tambi\u00e9n un servicio de <strong>mantenimiento y restauraci\u00f3n<\/strong> para murales y piezas de graffiti, especialmente en el caso de obras en espacios p\u00fablicos. Si alg\u00fan mural se ve afectado por el paso del tiempo o por da\u00f1os, nos encargamos de <strong>restaurarlo<\/strong> y <strong>preservarlo<\/strong> para que mantenga su impacto visual a lo largo del tiempo.<\/p>\n\n\n\n<p><strong>\u00bfPor qu\u00e9 elegir Muralismo, Graffiti y Exposiciones de Arte en Xperience37?<\/strong><\/p>\n\n\n\n<ul class=\"wp-block-list\">\n<li><strong>Creatividad y Originalidad<\/strong>: Cada proyecto es \u00fanico. Dise\u00f1amos murales, piezas de graffiti y exposiciones de arte que no solo comunican, sino que cuentan una historia visual que conecta emocionalmente con tu p\u00fablico.<\/li>\n\n\n\n<li><strong>Impacto Visual<\/strong>: El <strong>muralismo<\/strong> y el <strong>graffiti<\/strong> son formas poderosas de capturar la atenci\u00f3n de las personas. A trav\u00e9s de estas t\u00e9cnicas, tu marca o evento se destacar\u00e1 en el paisaje urbano de manera \u00fanica.<\/li>\n\n\n\n<li><strong>Profesionales del Arte Urbano<\/strong>: Contamos con un equipo de artistas urbanos con amplia experiencia en la creaci\u00f3n de murales y graffiti, que garantizan resultados de <strong>alta calidad<\/strong> y <strong>profesionalismo<\/strong>.<\/li>\n\n\n\n<li><strong>Transformaci\u00f3n de Espacios<\/strong>: Convertimos cualquier espacio en una obra de arte, generando una <strong>experiencia visual<\/strong> que atrae a las personas y las involucra con tu marca de una manera memorable.<\/li>\n\n\n\n<li><strong>Organizaci\u00f3n Integral<\/strong>: Nos encargamos de todo el proceso, desde la <strong>gesti\u00f3n de permisos<\/strong> hasta la <strong>ejecuci\u00f3n<\/strong> y <strong>promoci\u00f3n<\/strong>, brind\u00e1ndote una soluci\u00f3n completa y sin preocupaciones.<\/li>\n\n\n\n<li><strong>Experiencia Inolvidable<\/strong>: Las exposiciones de arte organizadas por nosotros ofrecen una experiencia <strong>art\u00edstica completa<\/strong>, permitiendo que tu marca se vincule con el arte de una manera profunda y aut\u00e9ntica.<\/li>\n<\/ul>\n\n\n\n<p>En <strong>Xperience37<\/strong>, entendemos que el arte urbano tiene el poder de transformar espacios, impactar al p\u00fablico y crear experiencias memorables. Ya sea a trav\u00e9s de <strong>murales<\/strong>, <strong>graffiti<\/strong> o <strong>exposiciones de arte<\/strong>, te ayudamos a conectar con tu audiencia de una manera aut\u00e9ntica y creativa. Si buscas algo <strong>\u00fanico<\/strong>, <strong>creativo<\/strong> y <strong>emocionalmente resonante<\/strong>, nosotros somos tu mejor opci\u00f3n para llevar tu marca al siguiente nivel con el arte urbano.<\/p>\n","protected":false},"excerpt":{"rendered":"<p>En Xperience37, ofrecemos un servicio \u00fanico que combina el arte urbano, el muralismo y el graffiti como herramientas de comunicaci\u00f3n y promoci\u00f3n para marcas, eventos y proyectos especiales. Aprovechamos el poder visual del arte para transformar espacios p\u00fablicos y generar experiencias impactantes que no solo captan la atenci\u00f3n, sino que tambi\u00e9n conectan emocionalmente con el [&hellip;]<\/p>\n","protected":false},"author":2,"featured_media":1407,"parent":0,"menu_order":0,"comment_status":"closed","ping_status":"closed","template":"","meta":{"_uag_custom_page_level_css":"","site-sidebar-layout":"no-sidebar","site-content-layout":"plain-container","ast-site-content-layout":"normal-width-container","site-content-style":"unboxed","site-sidebar-style":"unboxed","ast-global-header-display":"","ast-banner-title-visibility":"","ast-main-header-display":"","ast-hfb-above-header-display":"","ast-hfb-below-header-display":"","ast-hfb-mobile-header-display":"","site-post-title":"disabled","ast-breadcrumbs-content":"","ast-featured-img":"disabled","footer-sml-layout":"","theme-transparent-header-meta":"enabled","adv-header-id-meta":"","stick-header-meta":"","header-above-stick-meta":"","header-main-stick-meta":"","header-below-stick-meta":"","astra-migrate-meta-layouts":"set","ast-page-background-enabled":"default","ast-page-background-meta":{"desktop":{"background-color":"","background-image":"","background-repeat":"repeat","background-position":"center center","background-size":"auto","background-attachment":"scroll","background-type":"","background-media":"","overlay-type":"","overlay-color":"","overlay-gradient":""},"tablet":{"background-color":"","background-image":"","background-repeat":"repeat","background-position":"center center","background-size":"auto","background-attachment":"scroll","background-type":"","background-media":"","overlay-type":"","overlay-color":"","overlay-gradient":""},"mobile":{"background-color":"","background-image":"","background-repeat":"repeat","background-position":"center center","background-size":"auto","background-attachment":"scroll","background-type":"","background-media":"","overlay-type":"","overlay-color":"","overlay-gradient":""}},"ast-content-background-meta":{"desktop":{"background-color":"var(--ast-global-color-5)","background-image":"","background-repeat":"repeat","background-position":"center center","background-size":"auto","background-attachment":"scroll","background-type":"","background-media":"","overlay-type":"","overlay-color":"","overlay-gradient":""},"tablet":{"background-color":"var(--ast-global-color-5)","background-image":"","background-repeat":"repeat","background-position":"center center","background-size":"auto","background-attachment":"scroll","background-type":"","background-media":"","overlay-type":"","overlay-color":"","overlay-gradient":""},"mobile":{"background-color":"var(--ast-global-color-5)","background-image":"","background-repeat":"repeat","background-position":"center center","background-size":"auto","background-attachment":"scroll","background-type":"","background-media":"","overlay-type":"","overlay-color":"","overlay-gradient":""}},"footnotes":""},"class_list":["post-1710","page","type-page","status-publish","has-post-thumbnail","hentry"],"yoast_head":"<!-- This site is optimized with the Yoast SEO plugin v26.3 - https:\/\/yoast.com\/wordpress\/plugins\/seo\/ -->\n<title>SERVICIO DE MURALISMO GRAFFITI<\/title>\n<meta name=\"description\" content=\"En Xperience37, ofrecemos un servicio \u00fanico que combina el arte urbano, el muralismo y el graffiti como herramientas de comunicaci\u00f3n y promoci\u00f3n para marcas, eventos y proyectos especiales. Aprovechamos el poder visual del arte para transformar espacios p\u00fablicos y generar experiencias impactantes que no solo captan la atenci\u00f3n, sino que tambi\u00e9n conectan emocionalmente con el p\u00fablico. Adem\u00e1s, gestionamos exposiciones de arte para ofrecer a nuestros clientes una experiencia art\u00edstica completa, con un enfoque creativo y profesional.\" \/>\n<meta name=\"robots\" content=\"index, follow, max-snippet:-1, max-image-preview:large, max-video-preview:-1\" \/>\n<link rel=\"canonical\" href=\"https:\/\/xperience37nature.es\/index.php\/servicio-de-muralismo-graffiti-y-exposiciones-de-arte\/\" \/>\n<meta property=\"og:locale\" content=\"es_ES\" \/>\n<meta property=\"og:type\" content=\"article\" \/>\n<meta property=\"og:title\" content=\"SERVICIO DE MURALISMO GRAFFITI\" \/>\n<meta property=\"og:description\" content=\"En Xperience37, ofrecemos un servicio \u00fanico que combina el arte urbano, el muralismo y el graffiti como herramientas de comunicaci\u00f3n y promoci\u00f3n para marcas, eventos y proyectos especiales. Aprovechamos el poder visual del arte para transformar espacios p\u00fablicos y generar experiencias impactantes que no solo captan la atenci\u00f3n, sino que tambi\u00e9n conectan emocionalmente con el p\u00fablico. Adem\u00e1s, gestionamos exposiciones de arte para ofrecer a nuestros clientes una experiencia art\u00edstica completa, con un enfoque creativo y profesional.\" \/>\n<meta property=\"og:url\" content=\"https:\/\/xperience37nature.es\/index.php\/servicio-de-muralismo-graffiti-y-exposiciones-de-arte\/\" \/>\n<meta property=\"og:site_name\" content=\"Xperience37 Nature\" \/>\n<meta property=\"article:modified_time\" content=\"2025-11-12T11:40:37+00:00\" \/>\n<meta property=\"og:image\" content=\"https:\/\/xperience37nature.es\/wp-content\/uploads\/2021\/12\/centrointerpretacion.webp\" \/>\n\t<meta property=\"og:image:width\" content=\"1080\" \/>\n\t<meta property=\"og:image:height\" content=\"761\" \/>\n\t<meta property=\"og:image:type\" content=\"image\/webp\" \/>\n<meta name=\"twitter:card\" content=\"summary_large_image\" \/>\n<meta name=\"twitter:label1\" content=\"Tiempo de lectura\" \/>\n\t<meta name=\"twitter:data1\" content=\"5 minutos\" \/>\n<script type=\"application\/ld+json\" class=\"yoast-schema-graph\">{\"@context\":\"https:\/\/schema.org\",\"@graph\":[{\"@type\":\"WebPage\",\"@id\":\"https:\/\/xperience37nature.es\/index.php\/servicio-de-muralismo-graffiti-y-exposiciones-de-arte\/\",\"url\":\"https:\/\/xperience37nature.es\/index.php\/servicio-de-muralismo-graffiti-y-exposiciones-de-arte\/\",\"name\":\"SERVICIO DE MURALISMO GRAFFITI\",\"isPartOf\":{\"@id\":\"https:\/\/xperience37nature.es\/#website\"},\"primaryImageOfPage\":{\"@id\":\"https:\/\/xperience37nature.es\/index.php\/servicio-de-muralismo-graffiti-y-exposiciones-de-arte\/#primaryimage\"},\"image\":{\"@id\":\"https:\/\/xperience37nature.es\/index.php\/servicio-de-muralismo-graffiti-y-exposiciones-de-arte\/#primaryimage\"},\"thumbnailUrl\":\"https:\/\/xperience37nature.es\/wp-content\/uploads\/2021\/12\/centrointerpretacion.webp\",\"datePublished\":\"2025-11-12T11:40:36+00:00\",\"dateModified\":\"2025-11-12T11:40:37+00:00\",\"description\":\"En Xperience37, ofrecemos un servicio \u00fanico que combina el arte urbano, el muralismo y el graffiti como herramientas de comunicaci\u00f3n y promoci\u00f3n para marcas, eventos y proyectos especiales. Aprovechamos el poder visual del arte para transformar espacios p\u00fablicos y generar experiencias impactantes que no solo captan la atenci\u00f3n, sino que tambi\u00e9n conectan emocionalmente con el p\u00fablico. Adem\u00e1s, gestionamos exposiciones de arte para ofrecer a nuestros clientes una experiencia art\u00edstica completa, con un enfoque creativo y profesional.\",\"breadcrumb\":{\"@id\":\"https:\/\/xperience37nature.es\/index.php\/servicio-de-muralismo-graffiti-y-exposiciones-de-arte\/#breadcrumb\"},\"inLanguage\":\"es\",\"potentialAction\":[{\"@type\":\"ReadAction\",\"target\":[\"https:\/\/xperience37nature.es\/index.php\/servicio-de-muralismo-graffiti-y-exposiciones-de-arte\/\"]}]},{\"@type\":\"ImageObject\",\"inLanguage\":\"es\",\"@id\":\"https:\/\/xperience37nature.es\/index.php\/servicio-de-muralismo-graffiti-y-exposiciones-de-arte\/#primaryimage\",\"url\":\"https:\/\/xperience37nature.es\/wp-content\/uploads\/2021\/12\/centrointerpretacion.webp\",\"contentUrl\":\"https:\/\/xperience37nature.es\/wp-content\/uploads\/2021\/12\/centrointerpretacion.webp\",\"width\":1080,\"height\":761},{\"@type\":\"BreadcrumbList\",\"@id\":\"https:\/\/xperience37nature.es\/index.php\/servicio-de-muralismo-graffiti-y-exposiciones-de-arte\/#breadcrumb\",\"itemListElement\":[{\"@type\":\"ListItem\",\"position\":1,\"name\":\"Portada\",\"item\":\"https:\/\/xperience37nature.es\/\"},{\"@type\":\"ListItem\",\"position\":2,\"name\":\"SERVICIO DE MURALISMO, GRAFFITI Y EXPOSICIONES DE ARTE\"}]},{\"@type\":\"WebSite\",\"@id\":\"https:\/\/xperience37nature.es\/#website\",\"url\":\"https:\/\/xperience37nature.es\/\",\"name\":\"Xperience37 Nature\",\"description\":\"Actividades en la naturaleza\",\"publisher\":{\"@id\":\"https:\/\/xperience37nature.es\/#organization\"},\"potentialAction\":[{\"@type\":\"SearchAction\",\"target\":{\"@type\":\"EntryPoint\",\"urlTemplate\":\"https:\/\/xperience37nature.es\/?s={search_term_string}\"},\"query-input\":{\"@type\":\"PropertyValueSpecification\",\"valueRequired\":true,\"valueName\":\"search_term_string\"}}],\"inLanguage\":\"es\"},{\"@type\":\"Organization\",\"@id\":\"https:\/\/xperience37nature.es\/#organization\",\"name\":\"Xperience37 Nature\",\"url\":\"https:\/\/xperience37nature.es\/\",\"logo\":{\"@type\":\"ImageObject\",\"inLanguage\":\"es\",\"@id\":\"https:\/\/xperience37nature.es\/#\/schema\/logo\/image\/\",\"url\":\"https:\/\/xperience37nature.es\/wp-content\/uploads\/2021\/12\/XperienceNatureBlanco.png\",\"contentUrl\":\"https:\/\/xperience37nature.es\/wp-content\/uploads\/2021\/12\/XperienceNatureBlanco.png\",\"width\":200,\"height\":50,\"caption\":\"Xperience37 Nature\"},\"image\":{\"@id\":\"https:\/\/xperience37nature.es\/#\/schema\/logo\/image\/\"}}]}<\/script>\n<!-- \/ Yoast SEO plugin. -->","yoast_head_json":{"title":"SERVICIO DE MURALISMO GRAFFITI","description":"En Xperience37, ofrecemos un servicio \u00fanico que combina el arte urbano, el muralismo y el graffiti como herramientas de comunicaci\u00f3n y promoci\u00f3n para marcas, eventos y proyectos especiales. Aprovechamos el poder visual del arte para transformar espacios p\u00fablicos y generar experiencias impactantes que no solo captan la atenci\u00f3n, sino que tambi\u00e9n conectan emocionalmente con el p\u00fablico. Adem\u00e1s, gestionamos exposiciones de arte para ofrecer a nuestros clientes una experiencia art\u00edstica completa, con un enfoque creativo y profesional.","robots":{"index":"index","follow":"follow","max-snippet":"max-snippet:-1","max-image-preview":"max-image-preview:large","max-video-preview":"max-video-preview:-1"},"canonical":"https:\/\/xperience37nature.es\/index.php\/servicio-de-muralismo-graffiti-y-exposiciones-de-arte\/","og_locale":"es_ES","og_type":"article","og_title":"SERVICIO DE MURALISMO GRAFFITI","og_description":"En Xperience37, ofrecemos un servicio \u00fanico que combina el arte urbano, el muralismo y el graffiti como herramientas de comunicaci\u00f3n y promoci\u00f3n para marcas, eventos y proyectos especiales. Aprovechamos el poder visual del arte para transformar espacios p\u00fablicos y generar experiencias impactantes que no solo captan la atenci\u00f3n, sino que tambi\u00e9n conectan emocionalmente con el p\u00fablico. Adem\u00e1s, gestionamos exposiciones de arte para ofrecer a nuestros clientes una experiencia art\u00edstica completa, con un enfoque creativo y profesional.","og_url":"https:\/\/xperience37nature.es\/index.php\/servicio-de-muralismo-graffiti-y-exposiciones-de-arte\/","og_site_name":"Xperience37 Nature","article_modified_time":"2025-11-12T11:40:37+00:00","og_image":[{"width":1080,"height":761,"url":"https:\/\/xperience37nature.es\/wp-content\/uploads\/2021\/12\/centrointerpretacion.webp","type":"image\/webp"}],"twitter_card":"summary_large_image","twitter_misc":{"Tiempo de lectura":"5 minutos"},"schema":{"@context":"https:\/\/schema.org","@graph":[{"@type":"WebPage","@id":"https:\/\/xperience37nature.es\/index.php\/servicio-de-muralismo-graffiti-y-exposiciones-de-arte\/","url":"https:\/\/xperience37nature.es\/index.php\/servicio-de-muralismo-graffiti-y-exposiciones-de-arte\/","name":"SERVICIO DE MURALISMO GRAFFITI","isPartOf":{"@id":"https:\/\/xperience37nature.es\/#website"},"primaryImageOfPage":{"@id":"https:\/\/xperience37nature.es\/index.php\/servicio-de-muralismo-graffiti-y-exposiciones-de-arte\/#primaryimage"},"image":{"@id":"https:\/\/xperience37nature.es\/index.php\/servicio-de-muralismo-graffiti-y-exposiciones-de-arte\/#primaryimage"},"thumbnailUrl":"https:\/\/xperience37nature.es\/wp-content\/uploads\/2021\/12\/centrointerpretacion.webp","datePublished":"2025-11-12T11:40:36+00:00","dateModified":"2025-11-12T11:40:37+00:00","description":"En Xperience37, ofrecemos un servicio \u00fanico que combina el arte urbano, el muralismo y el graffiti como herramientas de comunicaci\u00f3n y promoci\u00f3n para marcas, eventos y proyectos especiales. Aprovechamos el poder visual del arte para transformar espacios p\u00fablicos y generar experiencias impactantes que no solo captan la atenci\u00f3n, sino que tambi\u00e9n conectan emocionalmente con el p\u00fablico. Adem\u00e1s, gestionamos exposiciones de arte para ofrecer a nuestros clientes una experiencia art\u00edstica completa, con un enfoque creativo y profesional.","breadcrumb":{"@id":"https:\/\/xperience37nature.es\/index.php\/servicio-de-muralismo-graffiti-y-exposiciones-de-arte\/#breadcrumb"},"inLanguage":"es","potentialAction":[{"@type":"ReadAction","target":["https:\/\/xperience37nature.es\/index.php\/servicio-de-muralismo-graffiti-y-exposiciones-de-arte\/"]}]},{"@type":"ImageObject","inLanguage":"es","@id":"https:\/\/xperience37nature.es\/index.php\/servicio-de-muralismo-graffiti-y-exposiciones-de-arte\/#primaryimage","url":"https:\/\/xperience37nature.es\/wp-content\/uploads\/2021\/12\/centrointerpretacion.webp","contentUrl":"https:\/\/xperience37nature.es\/wp-content\/uploads\/2021\/12\/centrointerpretacion.webp","width":1080,"height":761},{"@type":"BreadcrumbList","@id":"https:\/\/xperience37nature.es\/index.php\/servicio-de-muralismo-graffiti-y-exposiciones-de-arte\/#breadcrumb","itemListElement":[{"@type":"ListItem","position":1,"name":"Portada","item":"https:\/\/xperience37nature.es\/"},{"@type":"ListItem","position":2,"name":"SERVICIO DE MURALISMO, GRAFFITI Y EXPOSICIONES DE ARTE"}]},{"@type":"WebSite","@id":"https:\/\/xperience37nature.es\/#website","url":"https:\/\/xperience37nature.es\/","name":"Xperience37 Nature","description":"Actividades en la naturaleza","publisher":{"@id":"https:\/\/xperience37nature.es\/#organization"},"potentialAction":[{"@type":"SearchAction","target":{"@type":"EntryPoint","urlTemplate":"https:\/\/xperience37nature.es\/?s={search_term_string}"},"query-input":{"@type":"PropertyValueSpecification","valueRequired":true,"valueName":"search_term_string"}}],"inLanguage":"es"},{"@type":"Organization","@id":"https:\/\/xperience37nature.es\/#organization","name":"Xperience37 Nature","url":"https:\/\/xperience37nature.es\/","logo":{"@type":"ImageObject","inLanguage":"es","@id":"https:\/\/xperience37nature.es\/#\/schema\/logo\/image\/","url":"https:\/\/xperience37nature.es\/wp-content\/uploads\/2021\/12\/XperienceNatureBlanco.png","contentUrl":"https:\/\/xperience37nature.es\/wp-content\/uploads\/2021\/12\/XperienceNatureBlanco.png","width":200,"height":50,"caption":"Xperience37 Nature"},"image":{"@id":"https:\/\/xperience37nature.es\/#\/schema\/logo\/image\/"}}]}},"uagb_featured_image_src":{"full":["https:\/\/xperience37nature.es\/wp-content\/uploads\/2021\/12\/centrointerpretacion.webp",1080,761,false],"thumbnail":["https:\/\/xperience37nature.es\/wp-content\/uploads\/2021\/12\/centrointerpretacion-150x150.webp",150,150,true],"medium":["https:\/\/xperience37nature.es\/wp-content\/uploads\/2021\/12\/centrointerpretacion-300x211.webp",300,211,true],"medium_large":["https:\/\/xperience37nature.es\/wp-content\/uploads\/2021\/12\/centrointerpretacion-768x541.webp",768,541,true],"large":["https:\/\/xperience37nature.es\/wp-content\/uploads\/2021\/12\/centrointerpretacion-1024x722.webp",1024,722,true],"1536x1536":["https:\/\/xperience37nature.es\/wp-content\/uploads\/2021\/12\/centrointerpretacion.webp",1080,761,false],"2048x2048":["https:\/\/xperience37nature.es\/wp-content\/uploads\/2021\/12\/centrointerpretacion.webp",1080,761,false]},"uagb_author_info":{"display_name":"nature","author_link":"https:\/\/xperience37nature.es\/index.php\/author\/nature\/"},"uagb_comment_info":0,"uagb_excerpt":"En Xperience37, ofrecemos un servicio \u00fanico que combina el arte urbano, el muralismo y el graffiti como herramientas de comunicaci\u00f3n y promoci\u00f3n para marcas, eventos y proyectos especiales. Aprovechamos el poder visual del arte para transformar espacios p\u00fablicos y generar experiencias impactantes que no solo captan la atenci\u00f3n, sino que tambi\u00e9n conectan emocionalmente con el&hellip;","_links":{"self":[{"href":"https:\/\/xperience37nature.es\/index.php\/wp-json\/wp\/v2\/pages\/1710","targetHints":{"allow":["GET"]}}],"collection":[{"href":"https:\/\/xperience37nature.es\/index.php\/wp-json\/wp\/v2\/pages"}],"about":[{"href":"https:\/\/xperience37nature.es\/index.php\/wp-json\/wp\/v2\/types\/page"}],"author":[{"embeddable":true,"href":"https:\/\/xperience37nature.es\/index.php\/wp-json\/wp\/v2\/users\/2"}],"replies":[{"embeddable":true,"href":"https:\/\/xperience37nature.es\/index.php\/wp-json\/wp\/v2\/comments?post=1710"}],"version-history":[{"count":1,"href":"https:\/\/xperience37nature.es\/index.php\/wp-json\/wp\/v2\/pages\/1710\/revisions"}],"predecessor-version":[{"id":1711,"href":"https:\/\/xperience37nature.es\/index.php\/wp-json\/wp\/v2\/pages\/1710\/revisions\/1711"}],"wp:featuredmedia":[{"embeddable":true,"href":"https:\/\/xperience37nature.es\/index.php\/wp-json\/wp\/v2\/media\/1407"}],"wp:attachment":[{"href":"https:\/\/xperience37nature.es\/index.php\/wp-json\/wp\/v2\/media?parent=1710"}],"curies":[{"name":"wp","href":"https:\/\/api.w.org\/{rel}","templated":true}]}}